{"id":972,"date":"2026-04-29T11:58:21","date_gmt":"2026-04-29T08:58:21","guid":{"rendered":"https:\/\/venevo.fi\/?post_type=product&#038;p=972"},"modified":"2026-04-29T11:58:21","modified_gmt":"2026-04-29T08:58:21","slug":"amada-840","status":"publish","type":"product","link":"https:\/\/venevo.fi\/en\/tuote\/amada-840\/","title":{"rendered":"Amada 840"},"content":{"rendered":"<p>Avainominaisuudet<\/p>\n<p>&#8211; Ter\u00e4v\u00e4t ter\u00e4t \u2013 k\u00e4ytt\u00f6valmiina tuotantoon<br \/>\n&#8211; Suoritettu vuosihuolto<br \/>\n&#8211; Leikkausiskut: 10\u201335 iskua\/min<br \/>\n&#8211; Takavasteen liikealue: 10\u20131000 mm<br \/>\n&#8211; Moottoriteho: 15 kW<br \/>\n&#8211; Ohjelmoitava moottoroitu takavaste<br \/>\n&#8211; 1,5 m sivuvaste<br \/>\n&#8211; 1,5 m etutuki<br \/>\n&#8211; Varjolinjan valo ja varjovalo<br \/>\n&#8211; Automaattiset hydrauliset puristimet<br \/>\n&#8211; Keskitetty voiteluj\u00e4rjestelm\u00e4<br \/>\n&#8211; Jalkakytkinohjaus<br \/>\n&#8211; Jaksolaskuri<br \/>\n&#8211; Automaattiset leikkauskontaktit takasuojassa<br \/>\n&#8211; Ter\u00e4n raon ja kallistuskulman s\u00e4\u00e4t\u00f6<br \/>\n&#8211; K\u00e4\u00e4ntyv\u00e4t etupys\u00e4yttimet<br \/>\n&#8211; S\u00e4\u00e4dett\u00e4v\u00e4 leikkuuliike<br \/>\nPgjdbl Ioxw R Tteubcsk<br \/>\n&#8211; Ty\u00f6kanava<br \/>\n&#8211; K\u00e4ytt\u00f6tuntimittari<br \/>\n&#8211; Itse-diagnostiikkaj\u00e4rjestelm\u00e4<\/p>\n<p>Ohjaus<\/p>\n<p>STEP AUTOMATION EASY CUT -ohjausyksikk\u00f6 nopeaan ohjelmointiin ja tarkkaan asetukseen<\/p>\n<p>Tekniset tiedot<\/p>\n<p>&#8211; Mitat (P \u00d7 L \u00d7 K): 4600 \u00d7 2200 \u00d7 2200 mm<br \/>\n&#8211; Suurin leikkauspaksuus: 8 mm<br \/>\n&#8211; Suurin leikkauspituus: 4000 mm<br \/>\n&#8211; K\u00e4ytt\u00f6tunnit: 40 347<br \/>\n&#8211; Koneen paino: 10 100 kg<br \/>\n&#8211; P\u00e4\u00e4moottoriteho: 5,5 kW<\/p>\n<p><em>Ilmoitus on k\u00e4\u00e4nnetty automaattisesti. K\u00e4\u00e4nn\u00f6svirheit\u00e4 saattaa esiinty\u00e4.<\/em><\/p>\n","protected":false},"excerpt":{"rendered":"<p>Korkealaatuinen hydraulinen levyleikkuri erinomaisessa toimintakunnossa. Koneessa on ter\u00e4v\u00e4t ter\u00e4t ja t\u00e4ysi vuosihuoltohistoria. Tarjoaa luotettavaa leikkaussuorituskyky\u00e4, vankan rakenteen sek\u00e4 laajan valikoiman tuottavuutta lis\u00e4\u00e4vi\u00e4 ominaisuuksia vaativiin ohutlevyty\u00f6pajoihin.<\/p>\n","protected":false},"featured_media":973,"template":"","meta":[],"product_brand":[36],"product_cat":[49,40],"product_tag":[],"class_list":{"0":"post-972","1":"product","2":"type-product","3":"status-publish","4":"has-post-thumbnail","6":"product_brand-amada","7":"product_cat-levynkasittely","8":"product_cat-metallintyostokoneet-ja-tyostokoneet","10":"first","11":"instock","12":"shipping-taxable","13":"purchasable","14":"product-type-simple"},"yoast_head":"<!-- This site is optimized with the Yoast SEO plugin v27.5 - https:\/\/yoast.com\/product\/yoast-seo-wordpress\/ -->\n<title>Amada 840 - Venevo Oy<\/title>\n<meta name=\"robots\" content=\"index, follow, max-snippet:-1, max-image-preview:large, max-video-preview:-1\" \/>\n<link rel=\"canonical\" href=\"https:\/\/venevo.fi\/en\/tuote\/amada-840\/\" \/>\n<meta property=\"og:locale\" content=\"en_US\" \/>\n<meta property=\"og:type\" content=\"article\" \/>\n<meta property=\"og:title\" content=\"Amada 840 - Venevo Oy\" \/>\n<meta property=\"og:description\" content=\"Korkealaatuinen hydraulinen levyleikkuri erinomaisessa toimintakunnossa. Koneessa on ter\u00e4v\u00e4t ter\u00e4t ja t\u00e4ysi vuosihuoltohistoria. Tarjoaa luotettavaa leikkaussuorituskyky\u00e4, vankan rakenteen sek\u00e4 laajan valikoiman tuottavuutta lis\u00e4\u00e4vi\u00e4 ominaisuuksia vaativiin ohutlevyty\u00f6pajoihin.\" \/>\n<meta property=\"og:url\" content=\"https:\/\/venevo.fi\/en\/tuote\/amada-840\/\" \/>\n<meta property=\"og:site_name\" content=\"Venevo Oy\" \/>\n<meta property=\"og:image\" content=\"https:\/\/venevo.fi\/wp-content\/uploads\/2026\/04\/20542415-01.jpg\" \/>\n\t<meta property=\"og:image:width\" content=\"639\" \/>\n\t<meta property=\"og:image:height\" content=\"480\" \/>\n\t<meta property=\"og:image:type\" content=\"image\/jpeg\" \/>\n<meta name=\"twitter:card\" content=\"summary_large_image\" \/>\n<meta name=\"twitter:label1\" content=\"Est. reading time\" \/>\n\t<meta name=\"twitter:data1\" content=\"1 minute\" \/>\n<script type=\"application\/ld+json\" class=\"yoast-schema-graph\">{\"@context\":\"https:\\\/\\\/schema.org\",\"@graph\":[{\"@type\":\"WebPage\",\"@id\":\"https:\\\/\\\/venevo.fi\\\/en\\\/tuote\\\/amada-840\\\/\",\"url\":\"https:\\\/\\\/venevo.fi\\\/en\\\/tuote\\\/amada-840\\\/\",\"name\":\"Amada 840 - Venevo Oy\",\"isPartOf\":{\"@id\":\"https:\\\/\\\/venevo.fi\\\/en\\\/#website\"},\"primaryImageOfPage\":{\"@id\":\"https:\\\/\\\/venevo.fi\\\/en\\\/tuote\\\/amada-840\\\/#primaryimage\"},\"image\":{\"@id\":\"https:\\\/\\\/venevo.fi\\\/en\\\/tuote\\\/amada-840\\\/#primaryimage\"},\"thumbnailUrl\":\"https:\\\/\\\/venevo.fi\\\/wp-content\\\/uploads\\\/2026\\\/04\\\/20542415-01.jpg\",\"datePublished\":\"2026-04-29T08:58:21+00:00\",\"breadcrumb\":{\"@id\":\"https:\\\/\\\/venevo.fi\\\/en\\\/tuote\\\/amada-840\\\/#breadcrumb\"},\"inLanguage\":\"en-US\",\"potentialAction\":[{\"@type\":\"ReadAction\",\"target\":[\"https:\\\/\\\/venevo.fi\\\/en\\\/tuote\\\/amada-840\\\/\"]}]},{\"@type\":\"ImageObject\",\"inLanguage\":\"en-US\",\"@id\":\"https:\\\/\\\/venevo.fi\\\/en\\\/tuote\\\/amada-840\\\/#primaryimage\",\"url\":\"https:\\\/\\\/venevo.fi\\\/wp-content\\\/uploads\\\/2026\\\/04\\\/20542415-01.jpg\",\"contentUrl\":\"https:\\\/\\\/venevo.fi\\\/wp-content\\\/uploads\\\/2026\\\/04\\\/20542415-01.jpg\",\"width\":639,\"height\":480},{\"@type\":\"BreadcrumbList\",\"@id\":\"https:\\\/\\\/venevo.fi\\\/en\\\/tuote\\\/amada-840\\\/#breadcrumb\",\"itemListElement\":[{\"@type\":\"ListItem\",\"position\":1,\"name\":\"Etusivu\",\"item\":\"https:\\\/\\\/venevo.fi\\\/en\\\/home\\\/\"},{\"@type\":\"ListItem\",\"position\":2,\"name\":\"Tuotteet\",\"item\":\"https:\\\/\\\/venevo.fi\\\/tuotteet\\\/\"},{\"@type\":\"ListItem\",\"position\":3,\"name\":\"Amada 840\"}]},{\"@type\":\"WebSite\",\"@id\":\"https:\\\/\\\/venevo.fi\\\/en\\\/#website\",\"url\":\"https:\\\/\\\/venevo.fi\\\/en\\\/\",\"name\":\"Venevo Tmi\",\"description\":\"Kotimainen koneiden ja laitteiden myynnin asiantuntija\",\"publisher\":{\"@id\":\"https:\\\/\\\/venevo.fi\\\/en\\\/#organization\"},\"potentialAction\":[{\"@type\":\"SearchAction\",\"target\":{\"@type\":\"EntryPoint\",\"urlTemplate\":\"https:\\\/\\\/venevo.fi\\\/en\\\/?s={search_term_string}\"},\"query-input\":{\"@type\":\"PropertyValueSpecification\",\"valueRequired\":true,\"valueName\":\"search_term_string\"}}],\"inLanguage\":\"en-US\"},{\"@type\":\"Organization\",\"@id\":\"https:\\\/\\\/venevo.fi\\\/en\\\/#organization\",\"name\":\"Venevo Tmi\",\"url\":\"https:\\\/\\\/venevo.fi\\\/en\\\/\",\"logo\":{\"@type\":\"ImageObject\",\"inLanguage\":\"en-US\",\"@id\":\"https:\\\/\\\/venevo.fi\\\/en\\\/#\\\/schema\\\/logo\\\/image\\\/\",\"url\":\"https:\\\/\\\/venevo.fi\\\/wp-content\\\/uploads\\\/2022\\\/02\\\/logo-venevo.jpg\",\"contentUrl\":\"https:\\\/\\\/venevo.fi\\\/wp-content\\\/uploads\\\/2022\\\/02\\\/logo-venevo.jpg\",\"width\":778,\"height\":111,\"caption\":\"Venevo Tmi\"},\"image\":{\"@id\":\"https:\\\/\\\/venevo.fi\\\/en\\\/#\\\/schema\\\/logo\\\/image\\\/\"}}]}<\/script>\n<!-- \/ Yoast SEO plugin. -->","yoast_head_json":{"title":"Amada 840 - Venevo Oy","robots":{"index":"index","follow":"follow","max-snippet":"max-snippet:-1","max-image-preview":"max-image-preview:large","max-video-preview":"max-video-preview:-1"},"canonical":"https:\/\/venevo.fi\/en\/tuote\/amada-840\/","og_locale":"en_US","og_type":"article","og_title":"Amada 840 - Venevo Oy","og_description":"Korkealaatuinen hydraulinen levyleikkuri erinomaisessa toimintakunnossa. Koneessa on ter\u00e4v\u00e4t ter\u00e4t ja t\u00e4ysi vuosihuoltohistoria. Tarjoaa luotettavaa leikkaussuorituskyky\u00e4, vankan rakenteen sek\u00e4 laajan valikoiman tuottavuutta lis\u00e4\u00e4vi\u00e4 ominaisuuksia vaativiin ohutlevyty\u00f6pajoihin.","og_url":"https:\/\/venevo.fi\/en\/tuote\/amada-840\/","og_site_name":"Venevo Oy","og_image":[{"width":639,"height":480,"url":"https:\/\/venevo.fi\/wp-content\/uploads\/2026\/04\/20542415-01.jpg","type":"image\/jpeg"}],"twitter_card":"summary_large_image","twitter_misc":{"Est. reading time":"1 minute"},"schema":{"@context":"https:\/\/schema.org","@graph":[{"@type":"WebPage","@id":"https:\/\/venevo.fi\/en\/tuote\/amada-840\/","url":"https:\/\/venevo.fi\/en\/tuote\/amada-840\/","name":"Amada 840 - Venevo Oy","isPartOf":{"@id":"https:\/\/venevo.fi\/en\/#website"},"primaryImageOfPage":{"@id":"https:\/\/venevo.fi\/en\/tuote\/amada-840\/#primaryimage"},"image":{"@id":"https:\/\/venevo.fi\/en\/tuote\/amada-840\/#primaryimage"},"thumbnailUrl":"https:\/\/venevo.fi\/wp-content\/uploads\/2026\/04\/20542415-01.jpg","datePublished":"2026-04-29T08:58:21+00:00","breadcrumb":{"@id":"https:\/\/venevo.fi\/en\/tuote\/amada-840\/#breadcrumb"},"inLanguage":"en-US","potentialAction":[{"@type":"ReadAction","target":["https:\/\/venevo.fi\/en\/tuote\/amada-840\/"]}]},{"@type":"ImageObject","inLanguage":"en-US","@id":"https:\/\/venevo.fi\/en\/tuote\/amada-840\/#primaryimage","url":"https:\/\/venevo.fi\/wp-content\/uploads\/2026\/04\/20542415-01.jpg","contentUrl":"https:\/\/venevo.fi\/wp-content\/uploads\/2026\/04\/20542415-01.jpg","width":639,"height":480},{"@type":"BreadcrumbList","@id":"https:\/\/venevo.fi\/en\/tuote\/amada-840\/#breadcrumb","itemListElement":[{"@type":"ListItem","position":1,"name":"Etusivu","item":"https:\/\/venevo.fi\/en\/home\/"},{"@type":"ListItem","position":2,"name":"Tuotteet","item":"https:\/\/venevo.fi\/tuotteet\/"},{"@type":"ListItem","position":3,"name":"Amada 840"}]},{"@type":"WebSite","@id":"https:\/\/venevo.fi\/en\/#website","url":"https:\/\/venevo.fi\/en\/","name":"Venevo Tmi","description":"Kotimainen koneiden ja laitteiden myynnin asiantuntija","publisher":{"@id":"https:\/\/venevo.fi\/en\/#organization"},"potentialAction":[{"@type":"SearchAction","target":{"@type":"EntryPoint","urlTemplate":"https:\/\/venevo.fi\/en\/?s={search_term_string}"},"query-input":{"@type":"PropertyValueSpecification","valueRequired":true,"valueName":"search_term_string"}}],"inLanguage":"en-US"},{"@type":"Organization","@id":"https:\/\/venevo.fi\/en\/#organization","name":"Venevo Tmi","url":"https:\/\/venevo.fi\/en\/","logo":{"@type":"ImageObject","inLanguage":"en-US","@id":"https:\/\/venevo.fi\/en\/#\/schema\/logo\/image\/","url":"https:\/\/venevo.fi\/wp-content\/uploads\/2022\/02\/logo-venevo.jpg","contentUrl":"https:\/\/venevo.fi\/wp-content\/uploads\/2022\/02\/logo-venevo.jpg","width":778,"height":111,"caption":"Venevo Tmi"},"image":{"@id":"https:\/\/venevo.fi\/en\/#\/schema\/logo\/image\/"}}]}},"_links":{"self":[{"href":"https:\/\/venevo.fi\/en\/wp-json\/wp\/v2\/product\/972","targetHints":{"allow":["GET"]}}],"collection":[{"href":"https:\/\/venevo.fi\/en\/wp-json\/wp\/v2\/product"}],"about":[{"href":"https:\/\/venevo.fi\/en\/wp-json\/wp\/v2\/types\/product"}],"wp:featuredmedia":[{"embeddable":true,"href":"https:\/\/venevo.fi\/en\/wp-json\/wp\/v2\/media\/973"}],"wp:attachment":[{"href":"https:\/\/venevo.fi\/en\/wp-json\/wp\/v2\/media?parent=972"}],"wp:term":[{"taxonomy":"product_brand","embeddable":true,"href":"https:\/\/venevo.fi\/en\/wp-json\/wp\/v2\/product_brand?post=972"},{"taxonomy":"product_cat","embeddable":true,"href":"https:\/\/venevo.fi\/en\/wp-json\/wp\/v2\/product_cat?post=972"},{"taxonomy":"product_tag","embeddable":true,"href":"https:\/\/venevo.fi\/en\/wp-json\/wp\/v2\/product_tag?post=972"}],"curies":[{"name":"wp","href":"https:\/\/api.w.org\/{rel}","templated":true}]}}