{"id":938,"date":"2026-04-29T10:53:24","date_gmt":"2026-04-29T07:53:24","guid":{"rendered":"https:\/\/venevo.fi\/?post_type=product&#038;p=938"},"modified":"2026-04-29T11:02:31","modified_gmt":"2026-04-29T08:02:31","slug":"amada-promecam-vela-2","status":"publish","type":"product","link":"https:\/\/venevo.fi\/en\/tuote\/amada-promecam-vela-2\/","title":{"rendered":"AMADA PROMECAM VELA 2"},"content":{"rendered":"<p>Tekniset tiedot<br \/>\nYleist\u00e4<\/p>\n<p>Malli: Amada Vela II<\/p>\n<p>Puristusvoima: 30 tonnia<\/p>\n<p>Revolverityyppi: Thick Turret<\/p>\n<p>Konetohjaus: FANUC CNC<\/p>\n<p>Runkotyyppi: Silta-runko<\/p>\n<p>Ty\u00f6alue &amp; kapasiteetti<\/p>\n<p>Max. liike (X\/Y): 1270 \u00d7 1270 mm<\/p>\n<p>Max. levykoko yhdell\u00e4 uudelleenasetuksella: 1270 \u00d7 2540 mm<\/p>\n<p>Max. materiaalivahvuus: 6,35 mm<\/p>\n<p>Max. materiaalipaino: 100 kg<\/p>\n<p>Nopeus &amp; suorituskyky<\/p>\n<p>Max. iskum\u00e4\u00e4r\u00e4\/min: 350<\/p>\n<p>Max. iskut 25 mm jaolla: 220<\/p>\n<p>Max. akselinopeus: 50 m\/min<\/p>\n<p>Revolverinopeus (kaksisuuntainen): 30 rpm<\/p>\n<p>Ty\u00f6kaluasemat (Thick Turret)<\/p>\n<p>A-asemat (12,7 mm): 24 kpl<\/p>\n<p>B-asemat (31,7 mm): 24 kpl<\/p>\n<p>C-asemat (50,8 mm): 4 kpl<\/p>\n<p>D-asemat (88,9 mm): 2 kpl<\/p>\n<p>E-asemat (114,3 mm): 2 kpl<\/p>\n<p>Ty\u00f6kalupaikkoja yhteens\u00e4: 56<\/p>\n<p>S\u00e4hk\u00f6- ja paineilvavaatimus<\/p>\n<p>P\u00e4\u00e4hydrauliikkamoottori: 3,7 kW<\/p>\n<p>S\u00e4hk\u00f6liit\u00e4nt\u00e4: 15 kVA<\/p>\n<p>Paineilvavaatimus: 5,7 kg\/cm\u00b2 (n. 5,6 bar)<\/p>\n<p>Ilmankulutus: 110 l\/min<\/p>\n<p>Koneen paino: 14 500 kg<\/p>\n<p>Kunto<\/p>\n<p>Kone on toimiva ja soveltuu tuotantok\u00e4ytt\u00f6\u00f6n. Thick Turret -revolveri tarjoaa laajan ty\u00f6kalumuunneltavuuden erilaisiin levynreikityssovelluksiin.<\/p>\n<p>Kuvat, videot ja kuljetustarjoukset saatavilla.<\/p>\n<p>Podbl Iubex Ei Tkscjgk<br \/>\nHuom:<br \/>\nVarmista kaikki tekniset tiedot myyj\u00e4lt\u00e4.<\/p>\n<p><em>Ilmoitus on k\u00e4\u00e4nnetty automaattisesti. K\u00e4\u00e4nn\u00f6svirheit\u00e4 saattaa esiinty\u00e4.<\/em><\/p>\n","protected":false},"excerpt":{"rendered":"<p>Amada Vela II \u2013 30 tonnin CNC-reik\u00e4levykone (Thick Turret)<\/p>\n<p>Myyd\u00e4\u00e4n: Amada Vela II, vankkarakenteinen ja luotettava 30 tonnin CNC-reik\u00e4levykone, jossa Thick Turret -tyyppinen revolveri ja silta-runko. T\u00e4m\u00e4 kone soveltuu vaativaan ohutlevytuotantoon ja tarjoaa erinomaista vakautta, tarkkuutta ja ty\u00f6kalukapasiteettia sek\u00e4 keskisuuriin ett\u00e4 suuriin tuotantom\u00e4\u00e4riin.<\/p>\n","protected":false},"featured_media":939,"template":"","meta":[],"product_brand":[58],"product_cat":[49,40,50],"product_tag":[],"class_list":{"0":"post-938","1":"product","2":"type-product","3":"status-publish","4":"has-post-thumbnail","6":"product_brand-amada-promecam","7":"product_cat-levynkasittely","8":"product_cat-metallintyostokoneet-ja-tyostokoneet","9":"product_cat-sarmayspuristin","11":"first","12":"instock","13":"shipping-taxable","14":"purchasable","15":"product-type-simple"},"yoast_head":"<!-- This site is optimized with the Yoast SEO plugin v27.5 - https:\/\/yoast.com\/product\/yoast-seo-wordpress\/ -->\n<title>AMADA PROMECAM VELA 2 - Venevo Oy<\/title>\n<meta name=\"robots\" content=\"index, follow, max-snippet:-1, max-image-preview:large, max-video-preview:-1\" \/>\n<link rel=\"canonical\" href=\"https:\/\/venevo.fi\/en\/tuote\/amada-promecam-vela-2\/\" \/>\n<meta property=\"og:locale\" content=\"en_US\" \/>\n<meta property=\"og:type\" content=\"article\" \/>\n<meta property=\"og:title\" content=\"AMADA PROMECAM VELA 2 - Venevo Oy\" \/>\n<meta property=\"og:description\" content=\"Amada Vela II \u2013 30 tonnin CNC-reik\u00e4levykone (Thick Turret)  Myyd\u00e4\u00e4n: Amada Vela II, vankkarakenteinen ja luotettava 30 tonnin CNC-reik\u00e4levykone, jossa Thick Turret -tyyppinen revolveri ja silta-runko. T\u00e4m\u00e4 kone soveltuu vaativaan ohutlevytuotantoon ja tarjoaa erinomaista vakautta, tarkkuutta ja ty\u00f6kalukapasiteettia sek\u00e4 keskisuuriin ett\u00e4 suuriin tuotantom\u00e4\u00e4riin.\" \/>\n<meta property=\"og:url\" content=\"https:\/\/venevo.fi\/en\/tuote\/amada-promecam-vela-2\/\" \/>\n<meta property=\"og:site_name\" content=\"Venevo Oy\" \/>\n<meta property=\"article:modified_time\" content=\"2026-04-29T08:02:31+00:00\" \/>\n<meta property=\"og:image\" content=\"https:\/\/venevo.fi\/wp-content\/uploads\/2026\/04\/20717512-01.jpg\" \/>\n\t<meta property=\"og:image:width\" content=\"640\" \/>\n\t<meta property=\"og:image:height\" content=\"480\" \/>\n\t<meta property=\"og:image:type\" content=\"image\/jpeg\" \/>\n<meta name=\"twitter:card\" content=\"summary_large_image\" \/>\n<meta name=\"twitter:label1\" content=\"Est. reading time\" \/>\n\t<meta name=\"twitter:data1\" content=\"2 minutes\" \/>\n<script type=\"application\/ld+json\" class=\"yoast-schema-graph\">{\"@context\":\"https:\\\/\\\/schema.org\",\"@graph\":[{\"@type\":\"WebPage\",\"@id\":\"https:\\\/\\\/venevo.fi\\\/en\\\/tuote\\\/amada-promecam-vela-2\\\/\",\"url\":\"https:\\\/\\\/venevo.fi\\\/en\\\/tuote\\\/amada-promecam-vela-2\\\/\",\"name\":\"AMADA PROMECAM VELA 2 - Venevo Oy\",\"isPartOf\":{\"@id\":\"https:\\\/\\\/venevo.fi\\\/en\\\/#website\"},\"primaryImageOfPage\":{\"@id\":\"https:\\\/\\\/venevo.fi\\\/en\\\/tuote\\\/amada-promecam-vela-2\\\/#primaryimage\"},\"image\":{\"@id\":\"https:\\\/\\\/venevo.fi\\\/en\\\/tuote\\\/amada-promecam-vela-2\\\/#primaryimage\"},\"thumbnailUrl\":\"https:\\\/\\\/venevo.fi\\\/wp-content\\\/uploads\\\/2026\\\/04\\\/20717512-01.jpg\",\"datePublished\":\"2026-04-29T07:53:24+00:00\",\"dateModified\":\"2026-04-29T08:02:31+00:00\",\"breadcrumb\":{\"@id\":\"https:\\\/\\\/venevo.fi\\\/en\\\/tuote\\\/amada-promecam-vela-2\\\/#breadcrumb\"},\"inLanguage\":\"en-US\",\"potentialAction\":[{\"@type\":\"ReadAction\",\"target\":[\"https:\\\/\\\/venevo.fi\\\/en\\\/tuote\\\/amada-promecam-vela-2\\\/\"]}]},{\"@type\":\"ImageObject\",\"inLanguage\":\"en-US\",\"@id\":\"https:\\\/\\\/venevo.fi\\\/en\\\/tuote\\\/amada-promecam-vela-2\\\/#primaryimage\",\"url\":\"https:\\\/\\\/venevo.fi\\\/wp-content\\\/uploads\\\/2026\\\/04\\\/20717512-01.jpg\",\"contentUrl\":\"https:\\\/\\\/venevo.fi\\\/wp-content\\\/uploads\\\/2026\\\/04\\\/20717512-01.jpg\",\"width\":640,\"height\":480},{\"@type\":\"BreadcrumbList\",\"@id\":\"https:\\\/\\\/venevo.fi\\\/en\\\/tuote\\\/amada-promecam-vela-2\\\/#breadcrumb\",\"itemListElement\":[{\"@type\":\"ListItem\",\"position\":1,\"name\":\"Etusivu\",\"item\":\"https:\\\/\\\/venevo.fi\\\/en\\\/home\\\/\"},{\"@type\":\"ListItem\",\"position\":2,\"name\":\"Tuotteet\",\"item\":\"https:\\\/\\\/venevo.fi\\\/tuotteet\\\/\"},{\"@type\":\"ListItem\",\"position\":3,\"name\":\"AMADA PROMECAM VELA 2\"}]},{\"@type\":\"WebSite\",\"@id\":\"https:\\\/\\\/venevo.fi\\\/en\\\/#website\",\"url\":\"https:\\\/\\\/venevo.fi\\\/en\\\/\",\"name\":\"Venevo Tmi\",\"description\":\"Kotimainen koneiden ja laitteiden myynnin asiantuntija\",\"publisher\":{\"@id\":\"https:\\\/\\\/venevo.fi\\\/en\\\/#organization\"},\"potentialAction\":[{\"@type\":\"SearchAction\",\"target\":{\"@type\":\"EntryPoint\",\"urlTemplate\":\"https:\\\/\\\/venevo.fi\\\/en\\\/?s={search_term_string}\"},\"query-input\":{\"@type\":\"PropertyValueSpecification\",\"valueRequired\":true,\"valueName\":\"search_term_string\"}}],\"inLanguage\":\"en-US\"},{\"@type\":\"Organization\",\"@id\":\"https:\\\/\\\/venevo.fi\\\/en\\\/#organization\",\"name\":\"Venevo Tmi\",\"url\":\"https:\\\/\\\/venevo.fi\\\/en\\\/\",\"logo\":{\"@type\":\"ImageObject\",\"inLanguage\":\"en-US\",\"@id\":\"https:\\\/\\\/venevo.fi\\\/en\\\/#\\\/schema\\\/logo\\\/image\\\/\",\"url\":\"https:\\\/\\\/venevo.fi\\\/wp-content\\\/uploads\\\/2022\\\/02\\\/logo-venevo.jpg\",\"contentUrl\":\"https:\\\/\\\/venevo.fi\\\/wp-content\\\/uploads\\\/2022\\\/02\\\/logo-venevo.jpg\",\"width\":778,\"height\":111,\"caption\":\"Venevo Tmi\"},\"image\":{\"@id\":\"https:\\\/\\\/venevo.fi\\\/en\\\/#\\\/schema\\\/logo\\\/image\\\/\"}}]}<\/script>\n<!-- \/ Yoast SEO plugin. -->","yoast_head_json":{"title":"AMADA PROMECAM VELA 2 - Venevo Oy","robots":{"index":"index","follow":"follow","max-snippet":"max-snippet:-1","max-image-preview":"max-image-preview:large","max-video-preview":"max-video-preview:-1"},"canonical":"https:\/\/venevo.fi\/en\/tuote\/amada-promecam-vela-2\/","og_locale":"en_US","og_type":"article","og_title":"AMADA PROMECAM VELA 2 - Venevo Oy","og_description":"Amada Vela II \u2013 30 tonnin CNC-reik\u00e4levykone (Thick Turret)  Myyd\u00e4\u00e4n: Amada Vela II, vankkarakenteinen ja luotettava 30 tonnin CNC-reik\u00e4levykone, jossa Thick Turret -tyyppinen revolveri ja silta-runko. T\u00e4m\u00e4 kone soveltuu vaativaan ohutlevytuotantoon ja tarjoaa erinomaista vakautta, tarkkuutta ja ty\u00f6kalukapasiteettia sek\u00e4 keskisuuriin ett\u00e4 suuriin tuotantom\u00e4\u00e4riin.","og_url":"https:\/\/venevo.fi\/en\/tuote\/amada-promecam-vela-2\/","og_site_name":"Venevo Oy","article_modified_time":"2026-04-29T08:02:31+00:00","og_image":[{"width":640,"height":480,"url":"https:\/\/venevo.fi\/wp-content\/uploads\/2026\/04\/20717512-01.jpg","type":"image\/jpeg"}],"twitter_card":"summary_large_image","twitter_misc":{"Est. reading time":"2 minutes"},"schema":{"@context":"https:\/\/schema.org","@graph":[{"@type":"WebPage","@id":"https:\/\/venevo.fi\/en\/tuote\/amada-promecam-vela-2\/","url":"https:\/\/venevo.fi\/en\/tuote\/amada-promecam-vela-2\/","name":"AMADA PROMECAM VELA 2 - Venevo Oy","isPartOf":{"@id":"https:\/\/venevo.fi\/en\/#website"},"primaryImageOfPage":{"@id":"https:\/\/venevo.fi\/en\/tuote\/amada-promecam-vela-2\/#primaryimage"},"image":{"@id":"https:\/\/venevo.fi\/en\/tuote\/amada-promecam-vela-2\/#primaryimage"},"thumbnailUrl":"https:\/\/venevo.fi\/wp-content\/uploads\/2026\/04\/20717512-01.jpg","datePublished":"2026-04-29T07:53:24+00:00","dateModified":"2026-04-29T08:02:31+00:00","breadcrumb":{"@id":"https:\/\/venevo.fi\/en\/tuote\/amada-promecam-vela-2\/#breadcrumb"},"inLanguage":"en-US","potentialAction":[{"@type":"ReadAction","target":["https:\/\/venevo.fi\/en\/tuote\/amada-promecam-vela-2\/"]}]},{"@type":"ImageObject","inLanguage":"en-US","@id":"https:\/\/venevo.fi\/en\/tuote\/amada-promecam-vela-2\/#primaryimage","url":"https:\/\/venevo.fi\/wp-content\/uploads\/2026\/04\/20717512-01.jpg","contentUrl":"https:\/\/venevo.fi\/wp-content\/uploads\/2026\/04\/20717512-01.jpg","width":640,"height":480},{"@type":"BreadcrumbList","@id":"https:\/\/venevo.fi\/en\/tuote\/amada-promecam-vela-2\/#breadcrumb","itemListElement":[{"@type":"ListItem","position":1,"name":"Etusivu","item":"https:\/\/venevo.fi\/en\/home\/"},{"@type":"ListItem","position":2,"name":"Tuotteet","item":"https:\/\/venevo.fi\/tuotteet\/"},{"@type":"ListItem","position":3,"name":"AMADA PROMECAM VELA 2"}]},{"@type":"WebSite","@id":"https:\/\/venevo.fi\/en\/#website","url":"https:\/\/venevo.fi\/en\/","name":"Venevo Tmi","description":"Kotimainen koneiden ja laitteiden myynnin asiantuntija","publisher":{"@id":"https:\/\/venevo.fi\/en\/#organization"},"potentialAction":[{"@type":"SearchAction","target":{"@type":"EntryPoint","urlTemplate":"https:\/\/venevo.fi\/en\/?s={search_term_string}"},"query-input":{"@type":"PropertyValueSpecification","valueRequired":true,"valueName":"search_term_string"}}],"inLanguage":"en-US"},{"@type":"Organization","@id":"https:\/\/venevo.fi\/en\/#organization","name":"Venevo Tmi","url":"https:\/\/venevo.fi\/en\/","logo":{"@type":"ImageObject","inLanguage":"en-US","@id":"https:\/\/venevo.fi\/en\/#\/schema\/logo\/image\/","url":"https:\/\/venevo.fi\/wp-content\/uploads\/2022\/02\/logo-venevo.jpg","contentUrl":"https:\/\/venevo.fi\/wp-content\/uploads\/2022\/02\/logo-venevo.jpg","width":778,"height":111,"caption":"Venevo Tmi"},"image":{"@id":"https:\/\/venevo.fi\/en\/#\/schema\/logo\/image\/"}}]}},"_links":{"self":[{"href":"https:\/\/venevo.fi\/en\/wp-json\/wp\/v2\/product\/938","targetHints":{"allow":["GET"]}}],"collection":[{"href":"https:\/\/venevo.fi\/en\/wp-json\/wp\/v2\/product"}],"about":[{"href":"https:\/\/venevo.fi\/en\/wp-json\/wp\/v2\/types\/product"}],"wp:featuredmedia":[{"embeddable":true,"href":"https:\/\/venevo.fi\/en\/wp-json\/wp\/v2\/media\/939"}],"wp:attachment":[{"href":"https:\/\/venevo.fi\/en\/wp-json\/wp\/v2\/media?parent=938"}],"wp:term":[{"taxonomy":"product_brand","embeddable":true,"href":"https:\/\/venevo.fi\/en\/wp-json\/wp\/v2\/product_brand?post=938"},{"taxonomy":"product_cat","embeddable":true,"href":"https:\/\/venevo.fi\/en\/wp-json\/wp\/v2\/product_cat?post=938"},{"taxonomy":"product_tag","embeddable":true,"href":"https:\/\/venevo.fi\/en\/wp-json\/wp\/v2\/product_tag?post=938"}],"curies":[{"name":"wp","href":"https:\/\/api.w.org\/{rel}","templated":true}]}}