{"id":1783,"date":"2026-04-30T15:09:03","date_gmt":"2026-04-30T12:09:03","guid":{"rendered":"https:\/\/venevo.fi\/?post_type=product&#038;p=1783"},"modified":"2026-04-30T15:09:03","modified_gmt":"2026-04-30T12:09:03","slug":"teknohaus","status":"publish","type":"product","link":"https:\/\/venevo.fi\/en\/tuote\/teknohaus\/","title":{"rendered":"teknohaus"},"content":{"rendered":"<p>Leikkauskapasiteetti (mietoter\u00e4s):<\/p>\n<p>Laadukas leikkaus (purseetonta): 16 mm<br \/>\nTuotantol\u00e4vistys: 25 mm<br \/>\nMaksimileikkaus (reunasta k\u00e4ynnist\u00e4en): 38 mm<\/p>\n<p>Ominaisuudet:<\/p>\n<p>Suuri leikkausp\u00f6yt\u00e4 (noin 3000 mm leve\u00e4)<br \/>\nKaksi plasmakanavaa (Plasma 1 &amp; Plasma 2)<br \/>\nVesip\u00f6yt\u00e4 kipin\u00f6iden ja savun hallintaan<br \/>\nSoveltuu erinomaisesti ter\u00e4ksen, ruostumattoman ter\u00e4ksen ja alumiinin leikkaamiseen<\/p>\n<p>Esittelyt sopimuksen mukaan, kone n\u00e4ht\u00e4viss\u00e4 toimintakunnossa.<\/p>\n","protected":false},"excerpt":{"rendered":"<p>Teknohaus Thermcut 3000D \u2013 CNC-plasmaleikkauskone<br \/>\nMyyd\u00e4\u00e4n hyv\u00e4kuntoinen suomalainen CNC-plasmaleikkauskone. Kone on ollut tuotantok\u00e4yt\u00f6ss\u00e4 ja toimii moitteettomasti.<br \/>\nTekniset tiedot:<\/p>\n<p>Valmistaja: Suomen Teknohaus Oy<br \/>\nTyyppi: Thermcut 3000D<br \/>\nValmistusvuosi: 2007<br \/>\nSarjanumero: 320011<br \/>\nLiit\u00e4nt\u00e4j\u00e4nnite: 3 \u00d7 400 V<br \/>\nPlasmalaite: Hypertherm HyPerformance HPR130 (130 A)<br \/>\nOhjaus: Thermcut \/ Teknohaus CNC-ohjaus kosketusn\u00e4yt\u00f6ll\u00e4<br \/>\nUSB-liit\u00e4nt\u00e4 ohjelmien siirtoon<\/p>\n","protected":false},"featured_media":1784,"template":"","meta":[],"product_brand":[130],"product_cat":[65,40,104],"product_tag":[],"class_list":{"0":"post-1783","1":"product","2":"type-product","3":"status-publish","4":"has-post-thumbnail","6":"product_brand-teknohaus","7":"product_cat-hitsaus-ja-leikkaus","8":"product_cat-metallintyostokoneet-ja-tyostokoneet","9":"product_cat-plasmaleikkauskoneet","11":"first","12":"instock","13":"shipping-taxable","14":"purchasable","15":"product-type-simple"},"yoast_head":"<!-- This site is optimized with the Yoast SEO plugin v27.5 - https:\/\/yoast.com\/product\/yoast-seo-wordpress\/ -->\n<title>teknohaus - Venevo Oy<\/title>\n<meta name=\"robots\" content=\"index, follow, max-snippet:-1, max-image-preview:large, max-video-preview:-1\" \/>\n<link rel=\"canonical\" href=\"https:\/\/venevo.fi\/en\/tuote\/teknohaus\/\" \/>\n<meta property=\"og:locale\" content=\"en_US\" \/>\n<meta property=\"og:type\" content=\"article\" \/>\n<meta property=\"og:title\" content=\"teknohaus - Venevo Oy\" \/>\n<meta property=\"og:description\" content=\"Teknohaus Thermcut 3000D \u2013 CNC-plasmaleikkauskone Myyd\u00e4\u00e4n hyv\u00e4kuntoinen suomalainen CNC-plasmaleikkauskone. Kone on ollut tuotantok\u00e4yt\u00f6ss\u00e4 ja toimii moitteettomasti. Tekniset tiedot:  Valmistaja: Suomen Teknohaus Oy Tyyppi: Thermcut 3000D Valmistusvuosi: 2007 Sarjanumero: 320011 Liit\u00e4nt\u00e4j\u00e4nnite: 3 \u00d7 400 V Plasmalaite: Hypertherm HyPerformance HPR130 (130 A) Ohjaus: Thermcut \/ Teknohaus CNC-ohjaus kosketusn\u00e4yt\u00f6ll\u00e4 USB-liit\u00e4nt\u00e4 ohjelmien siirtoon\" \/>\n<meta property=\"og:url\" content=\"https:\/\/venevo.fi\/en\/tuote\/teknohaus\/\" \/>\n<meta property=\"og:site_name\" content=\"Venevo Oy\" \/>\n<meta property=\"og:image\" content=\"https:\/\/venevo.fi\/wp-content\/uploads\/2026\/04\/21570783-01.jpg\" \/>\n\t<meta property=\"og:image:width\" content=\"360\" \/>\n\t<meta property=\"og:image:height\" content=\"480\" \/>\n\t<meta property=\"og:image:type\" content=\"image\/jpeg\" \/>\n<meta name=\"twitter:card\" content=\"summary_large_image\" \/>\n<meta name=\"twitter:label1\" content=\"Est. reading time\" \/>\n\t<meta name=\"twitter:data1\" content=\"1 minute\" \/>\n<script type=\"application\/ld+json\" class=\"yoast-schema-graph\">{\"@context\":\"https:\\\/\\\/schema.org\",\"@graph\":[{\"@type\":\"WebPage\",\"@id\":\"https:\\\/\\\/venevo.fi\\\/en\\\/tuote\\\/teknohaus\\\/\",\"url\":\"https:\\\/\\\/venevo.fi\\\/en\\\/tuote\\\/teknohaus\\\/\",\"name\":\"teknohaus - Venevo Oy\",\"isPartOf\":{\"@id\":\"https:\\\/\\\/venevo.fi\\\/en\\\/#website\"},\"primaryImageOfPage\":{\"@id\":\"https:\\\/\\\/venevo.fi\\\/en\\\/tuote\\\/teknohaus\\\/#primaryimage\"},\"image\":{\"@id\":\"https:\\\/\\\/venevo.fi\\\/en\\\/tuote\\\/teknohaus\\\/#primaryimage\"},\"thumbnailUrl\":\"https:\\\/\\\/venevo.fi\\\/wp-content\\\/uploads\\\/2026\\\/04\\\/21570783-01.jpg\",\"datePublished\":\"2026-04-30T12:09:03+00:00\",\"breadcrumb\":{\"@id\":\"https:\\\/\\\/venevo.fi\\\/en\\\/tuote\\\/teknohaus\\\/#breadcrumb\"},\"inLanguage\":\"en-US\",\"potentialAction\":[{\"@type\":\"ReadAction\",\"target\":[\"https:\\\/\\\/venevo.fi\\\/en\\\/tuote\\\/teknohaus\\\/\"]}]},{\"@type\":\"ImageObject\",\"inLanguage\":\"en-US\",\"@id\":\"https:\\\/\\\/venevo.fi\\\/en\\\/tuote\\\/teknohaus\\\/#primaryimage\",\"url\":\"https:\\\/\\\/venevo.fi\\\/wp-content\\\/uploads\\\/2026\\\/04\\\/21570783-01.jpg\",\"contentUrl\":\"https:\\\/\\\/venevo.fi\\\/wp-content\\\/uploads\\\/2026\\\/04\\\/21570783-01.jpg\",\"width\":360,\"height\":480},{\"@type\":\"BreadcrumbList\",\"@id\":\"https:\\\/\\\/venevo.fi\\\/en\\\/tuote\\\/teknohaus\\\/#breadcrumb\",\"itemListElement\":[{\"@type\":\"ListItem\",\"position\":1,\"name\":\"Etusivu\",\"item\":\"https:\\\/\\\/venevo.fi\\\/en\\\/home\\\/\"},{\"@type\":\"ListItem\",\"position\":2,\"name\":\"Tuotteet\",\"item\":\"https:\\\/\\\/venevo.fi\\\/tuotteet\\\/\"},{\"@type\":\"ListItem\",\"position\":3,\"name\":\"teknohaus\"}]},{\"@type\":\"WebSite\",\"@id\":\"https:\\\/\\\/venevo.fi\\\/en\\\/#website\",\"url\":\"https:\\\/\\\/venevo.fi\\\/en\\\/\",\"name\":\"Venevo Tmi\",\"description\":\"Kotimainen koneiden ja laitteiden myynnin asiantuntija\",\"publisher\":{\"@id\":\"https:\\\/\\\/venevo.fi\\\/en\\\/#organization\"},\"potentialAction\":[{\"@type\":\"SearchAction\",\"target\":{\"@type\":\"EntryPoint\",\"urlTemplate\":\"https:\\\/\\\/venevo.fi\\\/en\\\/?s={search_term_string}\"},\"query-input\":{\"@type\":\"PropertyValueSpecification\",\"valueRequired\":true,\"valueName\":\"search_term_string\"}}],\"inLanguage\":\"en-US\"},{\"@type\":\"Organization\",\"@id\":\"https:\\\/\\\/venevo.fi\\\/en\\\/#organization\",\"name\":\"Venevo Tmi\",\"url\":\"https:\\\/\\\/venevo.fi\\\/en\\\/\",\"logo\":{\"@type\":\"ImageObject\",\"inLanguage\":\"en-US\",\"@id\":\"https:\\\/\\\/venevo.fi\\\/en\\\/#\\\/schema\\\/logo\\\/image\\\/\",\"url\":\"https:\\\/\\\/venevo.fi\\\/wp-content\\\/uploads\\\/2022\\\/02\\\/logo-venevo.jpg\",\"contentUrl\":\"https:\\\/\\\/venevo.fi\\\/wp-content\\\/uploads\\\/2022\\\/02\\\/logo-venevo.jpg\",\"width\":778,\"height\":111,\"caption\":\"Venevo Tmi\"},\"image\":{\"@id\":\"https:\\\/\\\/venevo.fi\\\/en\\\/#\\\/schema\\\/logo\\\/image\\\/\"}}]}<\/script>\n<!-- \/ Yoast SEO plugin. -->","yoast_head_json":{"title":"teknohaus - Venevo Oy","robots":{"index":"index","follow":"follow","max-snippet":"max-snippet:-1","max-image-preview":"max-image-preview:large","max-video-preview":"max-video-preview:-1"},"canonical":"https:\/\/venevo.fi\/en\/tuote\/teknohaus\/","og_locale":"en_US","og_type":"article","og_title":"teknohaus - Venevo Oy","og_description":"Teknohaus Thermcut 3000D \u2013 CNC-plasmaleikkauskone Myyd\u00e4\u00e4n hyv\u00e4kuntoinen suomalainen CNC-plasmaleikkauskone. Kone on ollut tuotantok\u00e4yt\u00f6ss\u00e4 ja toimii moitteettomasti. Tekniset tiedot:  Valmistaja: Suomen Teknohaus Oy Tyyppi: Thermcut 3000D Valmistusvuosi: 2007 Sarjanumero: 320011 Liit\u00e4nt\u00e4j\u00e4nnite: 3 \u00d7 400 V Plasmalaite: Hypertherm HyPerformance HPR130 (130 A) Ohjaus: Thermcut \/ Teknohaus CNC-ohjaus kosketusn\u00e4yt\u00f6ll\u00e4 USB-liit\u00e4nt\u00e4 ohjelmien siirtoon","og_url":"https:\/\/venevo.fi\/en\/tuote\/teknohaus\/","og_site_name":"Venevo Oy","og_image":[{"width":360,"height":480,"url":"https:\/\/venevo.fi\/wp-content\/uploads\/2026\/04\/21570783-01.jpg","type":"image\/jpeg"}],"twitter_card":"summary_large_image","twitter_misc":{"Est. reading time":"1 minute"},"schema":{"@context":"https:\/\/schema.org","@graph":[{"@type":"WebPage","@id":"https:\/\/venevo.fi\/en\/tuote\/teknohaus\/","url":"https:\/\/venevo.fi\/en\/tuote\/teknohaus\/","name":"teknohaus - Venevo Oy","isPartOf":{"@id":"https:\/\/venevo.fi\/en\/#website"},"primaryImageOfPage":{"@id":"https:\/\/venevo.fi\/en\/tuote\/teknohaus\/#primaryimage"},"image":{"@id":"https:\/\/venevo.fi\/en\/tuote\/teknohaus\/#primaryimage"},"thumbnailUrl":"https:\/\/venevo.fi\/wp-content\/uploads\/2026\/04\/21570783-01.jpg","datePublished":"2026-04-30T12:09:03+00:00","breadcrumb":{"@id":"https:\/\/venevo.fi\/en\/tuote\/teknohaus\/#breadcrumb"},"inLanguage":"en-US","potentialAction":[{"@type":"ReadAction","target":["https:\/\/venevo.fi\/en\/tuote\/teknohaus\/"]}]},{"@type":"ImageObject","inLanguage":"en-US","@id":"https:\/\/venevo.fi\/en\/tuote\/teknohaus\/#primaryimage","url":"https:\/\/venevo.fi\/wp-content\/uploads\/2026\/04\/21570783-01.jpg","contentUrl":"https:\/\/venevo.fi\/wp-content\/uploads\/2026\/04\/21570783-01.jpg","width":360,"height":480},{"@type":"BreadcrumbList","@id":"https:\/\/venevo.fi\/en\/tuote\/teknohaus\/#breadcrumb","itemListElement":[{"@type":"ListItem","position":1,"name":"Etusivu","item":"https:\/\/venevo.fi\/en\/home\/"},{"@type":"ListItem","position":2,"name":"Tuotteet","item":"https:\/\/venevo.fi\/tuotteet\/"},{"@type":"ListItem","position":3,"name":"teknohaus"}]},{"@type":"WebSite","@id":"https:\/\/venevo.fi\/en\/#website","url":"https:\/\/venevo.fi\/en\/","name":"Venevo Tmi","description":"Kotimainen koneiden ja laitteiden myynnin asiantuntija","publisher":{"@id":"https:\/\/venevo.fi\/en\/#organization"},"potentialAction":[{"@type":"SearchAction","target":{"@type":"EntryPoint","urlTemplate":"https:\/\/venevo.fi\/en\/?s={search_term_string}"},"query-input":{"@type":"PropertyValueSpecification","valueRequired":true,"valueName":"search_term_string"}}],"inLanguage":"en-US"},{"@type":"Organization","@id":"https:\/\/venevo.fi\/en\/#organization","name":"Venevo Tmi","url":"https:\/\/venevo.fi\/en\/","logo":{"@type":"ImageObject","inLanguage":"en-US","@id":"https:\/\/venevo.fi\/en\/#\/schema\/logo\/image\/","url":"https:\/\/venevo.fi\/wp-content\/uploads\/2022\/02\/logo-venevo.jpg","contentUrl":"https:\/\/venevo.fi\/wp-content\/uploads\/2022\/02\/logo-venevo.jpg","width":778,"height":111,"caption":"Venevo Tmi"},"image":{"@id":"https:\/\/venevo.fi\/en\/#\/schema\/logo\/image\/"}}]}},"_links":{"self":[{"href":"https:\/\/venevo.fi\/en\/wp-json\/wp\/v2\/product\/1783","targetHints":{"allow":["GET"]}}],"collection":[{"href":"https:\/\/venevo.fi\/en\/wp-json\/wp\/v2\/product"}],"about":[{"href":"https:\/\/venevo.fi\/en\/wp-json\/wp\/v2\/types\/product"}],"wp:featuredmedia":[{"embeddable":true,"href":"https:\/\/venevo.fi\/en\/wp-json\/wp\/v2\/media\/1784"}],"wp:attachment":[{"href":"https:\/\/venevo.fi\/en\/wp-json\/wp\/v2\/media?parent=1783"}],"wp:term":[{"taxonomy":"product_brand","embeddable":true,"href":"https:\/\/venevo.fi\/en\/wp-json\/wp\/v2\/product_brand?post=1783"},{"taxonomy":"product_cat","embeddable":true,"href":"https:\/\/venevo.fi\/en\/wp-json\/wp\/v2\/product_cat?post=1783"},{"taxonomy":"product_tag","embeddable":true,"href":"https:\/\/venevo.fi\/en\/wp-json\/wp\/v2\/product_tag?post=1783"}],"curies":[{"name":"wp","href":"https:\/\/api.w.org\/{rel}","templated":true}]}}