{"id":1628,"date":"2026-04-29T16:25:10","date_gmt":"2026-04-29T13:25:10","guid":{"rendered":"https:\/\/venevo.fi\/?post_type=product&#038;p=1628"},"modified":"2026-04-29T16:25:10","modified_gmt":"2026-04-29T13:25:10","slug":"peddinghaus-210","status":"publish","type":"product","link":"https:\/\/venevo.fi\/en\/tuote\/peddinghaus-210\/","title":{"rendered":"Peddinghaus 210"},"content":{"rendered":"<p>Ty\u00f6asemat: Rei\u2019itys, profiilien leikkaus, litte\u00e4n tangon leikkaus, lovitus sek\u00e4 py\u00f6r\u00f6- ja neli\u00f6tangon leikkaus.<\/p>\n<p>Kapasiteetti ja suorituskyky<br \/>\nRei\u2019itysteho: Noin 55\u201360 US-tonnia.<\/p>\n<p>Rei\u2019itys: Tyypillisesti 25 mm halkaisijainen reik\u00e4 16 mm paksuun ter\u00e4kseen.<\/p>\n<p>Kulmaleikkuri:<\/p>\n<p>90 asteen leikkaus: Noin 100 x 100 x 10 mm.<\/p>\n<p>45 asteen jiirileikkaus: Noin 75 x 75 x 8 mm.<\/p>\n<p>Litte\u00e4n tangon leikkuri:<\/p>\n<p>Maksimi paksuus: Noin 300 x 15 mm tai 200 x 20 mm.<\/p>\n<p>Lovija:<\/p>\n<p>Levy: Noin 10 mm.<\/p>\n<p>Profiili: Noin 75 x 75 x 8 mm.<\/p>\n<p>Py\u00f6r\u00f6- ja neli\u00f6tangon leikkuri:<\/p>\n<p>Py\u00f6r\u00f6tanko: Noin 38 mm.<\/p>\n<p>Neli\u00f6tanko: Noin 32 mm.<\/p>\n<p>Muut tiedot:<\/p>\n<p>Paino: Noin 1 700\u20132 000 kg.<\/p>\n<p>Mitat (P x L x K): Noin 1 500 x 800 x 1 900 mm.<\/p>\n<p>Varmista tietojen oikeellisuus myyj\u00e4lt\u00e4.<\/p>\n<p><em>Ilmoitus on k\u00e4\u00e4nnetty automaattisesti. K\u00e4\u00e4nn\u00f6svirheit\u00e4 saattaa esiinty\u00e4.<\/em><\/p>\n","protected":false},"excerpt":{"rendered":"<p>Yleist\u00e4 tietoa<br \/>\nValmistaja: Peddinghaus Corporation<\/p>\n<p>Malli: 210<\/p>\n<p>Tyyppi: Hydraulinen monitoimileikkuri<\/p>\n","protected":false},"featured_media":1629,"template":"","meta":[],"product_brand":[113],"product_cat":[49,40],"product_tag":[],"class_list":{"0":"post-1628","1":"product","2":"type-product","3":"status-publish","4":"has-post-thumbnail","6":"product_brand-peddinghaus","7":"product_cat-levynkasittely","8":"product_cat-metallintyostokoneet-ja-tyostokoneet","10":"first","11":"instock","12":"shipping-taxable","13":"purchasable","14":"product-type-simple"},"yoast_head":"<!-- This site is optimized with the Yoast SEO plugin v27.5 - https:\/\/yoast.com\/product\/yoast-seo-wordpress\/ -->\n<title>Peddinghaus 210 - Venevo Oy<\/title>\n<meta name=\"robots\" content=\"index, follow, max-snippet:-1, max-image-preview:large, max-video-preview:-1\" \/>\n<link rel=\"canonical\" href=\"https:\/\/venevo.fi\/en\/tuote\/peddinghaus-210\/\" \/>\n<meta property=\"og:locale\" content=\"en_US\" \/>\n<meta property=\"og:type\" content=\"article\" \/>\n<meta property=\"og:title\" content=\"Peddinghaus 210 - Venevo Oy\" \/>\n<meta property=\"og:description\" content=\"Yleist\u00e4 tietoa Valmistaja: Peddinghaus Corporation  Malli: 210  Tyyppi: Hydraulinen monitoimileikkuri\" \/>\n<meta property=\"og:url\" content=\"https:\/\/venevo.fi\/en\/tuote\/peddinghaus-210\/\" \/>\n<meta property=\"og:site_name\" content=\"Venevo Oy\" \/>\n<meta property=\"og:image\" content=\"https:\/\/venevo.fi\/wp-content\/uploads\/2026\/04\/19845890-01.jpg\" \/>\n\t<meta property=\"og:image:width\" content=\"360\" \/>\n\t<meta property=\"og:image:height\" content=\"480\" \/>\n\t<meta property=\"og:image:type\" content=\"image\/jpeg\" \/>\n<meta name=\"twitter:card\" content=\"summary_large_image\" \/>\n<meta name=\"twitter:label1\" content=\"Est. reading time\" \/>\n\t<meta name=\"twitter:data1\" content=\"1 minute\" \/>\n<script type=\"application\/ld+json\" class=\"yoast-schema-graph\">{\"@context\":\"https:\\\/\\\/schema.org\",\"@graph\":[{\"@type\":\"WebPage\",\"@id\":\"https:\\\/\\\/venevo.fi\\\/en\\\/tuote\\\/peddinghaus-210\\\/\",\"url\":\"https:\\\/\\\/venevo.fi\\\/en\\\/tuote\\\/peddinghaus-210\\\/\",\"name\":\"Peddinghaus 210 - Venevo Oy\",\"isPartOf\":{\"@id\":\"https:\\\/\\\/venevo.fi\\\/en\\\/#website\"},\"primaryImageOfPage\":{\"@id\":\"https:\\\/\\\/venevo.fi\\\/en\\\/tuote\\\/peddinghaus-210\\\/#primaryimage\"},\"image\":{\"@id\":\"https:\\\/\\\/venevo.fi\\\/en\\\/tuote\\\/peddinghaus-210\\\/#primaryimage\"},\"thumbnailUrl\":\"https:\\\/\\\/venevo.fi\\\/wp-content\\\/uploads\\\/2026\\\/04\\\/19845890-01.jpg\",\"datePublished\":\"2026-04-29T13:25:10+00:00\",\"breadcrumb\":{\"@id\":\"https:\\\/\\\/venevo.fi\\\/en\\\/tuote\\\/peddinghaus-210\\\/#breadcrumb\"},\"inLanguage\":\"en-US\",\"potentialAction\":[{\"@type\":\"ReadAction\",\"target\":[\"https:\\\/\\\/venevo.fi\\\/en\\\/tuote\\\/peddinghaus-210\\\/\"]}]},{\"@type\":\"ImageObject\",\"inLanguage\":\"en-US\",\"@id\":\"https:\\\/\\\/venevo.fi\\\/en\\\/tuote\\\/peddinghaus-210\\\/#primaryimage\",\"url\":\"https:\\\/\\\/venevo.fi\\\/wp-content\\\/uploads\\\/2026\\\/04\\\/19845890-01.jpg\",\"contentUrl\":\"https:\\\/\\\/venevo.fi\\\/wp-content\\\/uploads\\\/2026\\\/04\\\/19845890-01.jpg\",\"width\":360,\"height\":480},{\"@type\":\"BreadcrumbList\",\"@id\":\"https:\\\/\\\/venevo.fi\\\/en\\\/tuote\\\/peddinghaus-210\\\/#breadcrumb\",\"itemListElement\":[{\"@type\":\"ListItem\",\"position\":1,\"name\":\"Etusivu\",\"item\":\"https:\\\/\\\/venevo.fi\\\/en\\\/home\\\/\"},{\"@type\":\"ListItem\",\"position\":2,\"name\":\"Tuotteet\",\"item\":\"https:\\\/\\\/venevo.fi\\\/tuotteet\\\/\"},{\"@type\":\"ListItem\",\"position\":3,\"name\":\"Peddinghaus 210\"}]},{\"@type\":\"WebSite\",\"@id\":\"https:\\\/\\\/venevo.fi\\\/en\\\/#website\",\"url\":\"https:\\\/\\\/venevo.fi\\\/en\\\/\",\"name\":\"Venevo Tmi\",\"description\":\"Kotimainen koneiden ja laitteiden myynnin asiantuntija\",\"publisher\":{\"@id\":\"https:\\\/\\\/venevo.fi\\\/en\\\/#organization\"},\"potentialAction\":[{\"@type\":\"SearchAction\",\"target\":{\"@type\":\"EntryPoint\",\"urlTemplate\":\"https:\\\/\\\/venevo.fi\\\/en\\\/?s={search_term_string}\"},\"query-input\":{\"@type\":\"PropertyValueSpecification\",\"valueRequired\":true,\"valueName\":\"search_term_string\"}}],\"inLanguage\":\"en-US\"},{\"@type\":\"Organization\",\"@id\":\"https:\\\/\\\/venevo.fi\\\/en\\\/#organization\",\"name\":\"Venevo Tmi\",\"url\":\"https:\\\/\\\/venevo.fi\\\/en\\\/\",\"logo\":{\"@type\":\"ImageObject\",\"inLanguage\":\"en-US\",\"@id\":\"https:\\\/\\\/venevo.fi\\\/en\\\/#\\\/schema\\\/logo\\\/image\\\/\",\"url\":\"https:\\\/\\\/venevo.fi\\\/wp-content\\\/uploads\\\/2022\\\/02\\\/logo-venevo.jpg\",\"contentUrl\":\"https:\\\/\\\/venevo.fi\\\/wp-content\\\/uploads\\\/2022\\\/02\\\/logo-venevo.jpg\",\"width\":778,\"height\":111,\"caption\":\"Venevo Tmi\"},\"image\":{\"@id\":\"https:\\\/\\\/venevo.fi\\\/en\\\/#\\\/schema\\\/logo\\\/image\\\/\"}}]}<\/script>\n<!-- \/ Yoast SEO plugin. -->","yoast_head_json":{"title":"Peddinghaus 210 - Venevo Oy","robots":{"index":"index","follow":"follow","max-snippet":"max-snippet:-1","max-image-preview":"max-image-preview:large","max-video-preview":"max-video-preview:-1"},"canonical":"https:\/\/venevo.fi\/en\/tuote\/peddinghaus-210\/","og_locale":"en_US","og_type":"article","og_title":"Peddinghaus 210 - Venevo Oy","og_description":"Yleist\u00e4 tietoa Valmistaja: Peddinghaus Corporation  Malli: 210  Tyyppi: Hydraulinen monitoimileikkuri","og_url":"https:\/\/venevo.fi\/en\/tuote\/peddinghaus-210\/","og_site_name":"Venevo Oy","og_image":[{"width":360,"height":480,"url":"https:\/\/venevo.fi\/wp-content\/uploads\/2026\/04\/19845890-01.jpg","type":"image\/jpeg"}],"twitter_card":"summary_large_image","twitter_misc":{"Est. reading time":"1 minute"},"schema":{"@context":"https:\/\/schema.org","@graph":[{"@type":"WebPage","@id":"https:\/\/venevo.fi\/en\/tuote\/peddinghaus-210\/","url":"https:\/\/venevo.fi\/en\/tuote\/peddinghaus-210\/","name":"Peddinghaus 210 - Venevo Oy","isPartOf":{"@id":"https:\/\/venevo.fi\/en\/#website"},"primaryImageOfPage":{"@id":"https:\/\/venevo.fi\/en\/tuote\/peddinghaus-210\/#primaryimage"},"image":{"@id":"https:\/\/venevo.fi\/en\/tuote\/peddinghaus-210\/#primaryimage"},"thumbnailUrl":"https:\/\/venevo.fi\/wp-content\/uploads\/2026\/04\/19845890-01.jpg","datePublished":"2026-04-29T13:25:10+00:00","breadcrumb":{"@id":"https:\/\/venevo.fi\/en\/tuote\/peddinghaus-210\/#breadcrumb"},"inLanguage":"en-US","potentialAction":[{"@type":"ReadAction","target":["https:\/\/venevo.fi\/en\/tuote\/peddinghaus-210\/"]}]},{"@type":"ImageObject","inLanguage":"en-US","@id":"https:\/\/venevo.fi\/en\/tuote\/peddinghaus-210\/#primaryimage","url":"https:\/\/venevo.fi\/wp-content\/uploads\/2026\/04\/19845890-01.jpg","contentUrl":"https:\/\/venevo.fi\/wp-content\/uploads\/2026\/04\/19845890-01.jpg","width":360,"height":480},{"@type":"BreadcrumbList","@id":"https:\/\/venevo.fi\/en\/tuote\/peddinghaus-210\/#breadcrumb","itemListElement":[{"@type":"ListItem","position":1,"name":"Etusivu","item":"https:\/\/venevo.fi\/en\/home\/"},{"@type":"ListItem","position":2,"name":"Tuotteet","item":"https:\/\/venevo.fi\/tuotteet\/"},{"@type":"ListItem","position":3,"name":"Peddinghaus 210"}]},{"@type":"WebSite","@id":"https:\/\/venevo.fi\/en\/#website","url":"https:\/\/venevo.fi\/en\/","name":"Venevo Tmi","description":"Kotimainen koneiden ja laitteiden myynnin asiantuntija","publisher":{"@id":"https:\/\/venevo.fi\/en\/#organization"},"potentialAction":[{"@type":"SearchAction","target":{"@type":"EntryPoint","urlTemplate":"https:\/\/venevo.fi\/en\/?s={search_term_string}"},"query-input":{"@type":"PropertyValueSpecification","valueRequired":true,"valueName":"search_term_string"}}],"inLanguage":"en-US"},{"@type":"Organization","@id":"https:\/\/venevo.fi\/en\/#organization","name":"Venevo Tmi","url":"https:\/\/venevo.fi\/en\/","logo":{"@type":"ImageObject","inLanguage":"en-US","@id":"https:\/\/venevo.fi\/en\/#\/schema\/logo\/image\/","url":"https:\/\/venevo.fi\/wp-content\/uploads\/2022\/02\/logo-venevo.jpg","contentUrl":"https:\/\/venevo.fi\/wp-content\/uploads\/2022\/02\/logo-venevo.jpg","width":778,"height":111,"caption":"Venevo Tmi"},"image":{"@id":"https:\/\/venevo.fi\/en\/#\/schema\/logo\/image\/"}}]}},"_links":{"self":[{"href":"https:\/\/venevo.fi\/en\/wp-json\/wp\/v2\/product\/1628","targetHints":{"allow":["GET"]}}],"collection":[{"href":"https:\/\/venevo.fi\/en\/wp-json\/wp\/v2\/product"}],"about":[{"href":"https:\/\/venevo.fi\/en\/wp-json\/wp\/v2\/types\/product"}],"wp:featuredmedia":[{"embeddable":true,"href":"https:\/\/venevo.fi\/en\/wp-json\/wp\/v2\/media\/1629"}],"wp:attachment":[{"href":"https:\/\/venevo.fi\/en\/wp-json\/wp\/v2\/media?parent=1628"}],"wp:term":[{"taxonomy":"product_brand","embeddable":true,"href":"https:\/\/venevo.fi\/en\/wp-json\/wp\/v2\/product_brand?post=1628"},{"taxonomy":"product_cat","embeddable":true,"href":"https:\/\/venevo.fi\/en\/wp-json\/wp\/v2\/product_cat?post=1628"},{"taxonomy":"product_tag","embeddable":true,"href":"https:\/\/venevo.fi\/en\/wp-json\/wp\/v2\/product_tag?post=1628"}],"curies":[{"name":"wp","href":"https:\/\/api.w.org\/{rel}","templated":true}]}}