{"id":1561,"date":"2026-04-29T15:45:48","date_gmt":"2026-04-29T12:45:48","guid":{"rendered":"https:\/\/venevo.fi\/?post_type=product&#038;p=1561"},"modified":"2026-04-29T15:45:48","modified_gmt":"2026-04-29T12:45:48","slug":"lotze-12-x-3000","status":"publish","type":"product","link":"https:\/\/venevo.fi\/en\/tuote\/lotze-12-x-3000\/","title":{"rendered":"Lotze 12 x 3000"},"content":{"rendered":"<p>Leikkurissa on 17 pitotartuntaa, jotka varmistavat materiaalin pysymisen paikallaan leikkauksen aikana. Koneen liit\u00e4nt\u00e4teho on noin 23 kW ja se toimii 400 V ja 50 A s\u00e4hk\u00f6verkossa. Laitteen oma paino on noin 11 tonnia, ja lis\u00e4paino muodostuu eri lis\u00e4varusteista ja tarvikkeista.<\/p>\n<p>Koneen ulkomitat ovat noin 4,5 m (pituus) x 4,0 m (leveys) x 2,2 m (korkeus). Kuljetusmitat ovat noin 5,0 m x 2,25 m x 2,2 m.<\/p>\n<p>Turvallisuusominaisuuksiin kuuluu kirkkaan oranssit suojat, jotka peitt\u00e4v\u00e4t ylemm\u00e4n leikkausalueen liikkuvat osat, sek\u00e4 keltaiset turva-aidat oikealla puolella. Etup\u00f6yd\u00e4n metalliset tuet helpottavat levyn k\u00e4sittely\u00e4 ja tukemista k\u00e4yt\u00f6n aikana.<\/p>\n<p>Koneessa on teolliseen k\u00e4ytt\u00f6\u00f6n tavanomaisia kulumisen merkkej\u00e4, kuten pintanaarmuja ja likaa. Laite sijaitsee t\u00e4ll\u00e4 hetkell\u00e4 hyvin valaistussa teollisuushallissa, ja sen hydrauliikka- sek\u00e4 mekaaniset komponentit ovat n\u00e4kyvill\u00e4 oikealla puolella.<\/p>\n<p><em>Ilmoitus on k\u00e4\u00e4nnetty automaattisesti. K\u00e4\u00e4nn\u00f6svirheit\u00e4 saattaa esiinty\u00e4.<\/em><\/p>\n","protected":false},"excerpt":{"rendered":"<p>T\u00e4m\u00e4 ilmoitus koskee teollisuusk\u00e4ytt\u00f6\u00f6n tarkoitettua giljotiinisaksikonetta, joka on suunniteltu levyjen leikkaamiseen. Koneen enimm\u00e4isleikkuupituus on 3040 mm ja suurin leikattava materiaalipaksuus 12 mm. Laite on varustettu moottoroidulla takavasteella, jonka s\u00e4\u00e4t\u00f6alue on 1000 mm, mahdollistaen materiaalin tarkan asemoinnin.<\/p>\n","protected":false},"featured_media":1562,"template":"","meta":[],"product_brand":[106],"product_cat":[107,49,40],"product_tag":[],"class_list":{"0":"post-1561","1":"product","2":"type-product","3":"status-publish","4":"has-post-thumbnail","6":"product_brand-lotze","7":"product_cat-hydrauliset-levyleikkurit","8":"product_cat-levynkasittely","9":"product_cat-metallintyostokoneet-ja-tyostokoneet","11":"first","12":"instock","13":"shipping-taxable","14":"purchasable","15":"product-type-simple"},"yoast_head":"<!-- This site is optimized with the Yoast SEO plugin v27.5 - https:\/\/yoast.com\/product\/yoast-seo-wordpress\/ -->\n<title>Lotze 12 x 3000 - Venevo Oy<\/title>\n<meta name=\"robots\" content=\"index, follow, max-snippet:-1, max-image-preview:large, max-video-preview:-1\" \/>\n<link rel=\"canonical\" href=\"https:\/\/venevo.fi\/en\/tuote\/lotze-12-x-3000\/\" \/>\n<meta property=\"og:locale\" content=\"en_US\" \/>\n<meta property=\"og:type\" content=\"article\" \/>\n<meta property=\"og:title\" content=\"Lotze 12 x 3000 - Venevo Oy\" \/>\n<meta property=\"og:description\" content=\"T\u00e4m\u00e4 ilmoitus koskee teollisuusk\u00e4ytt\u00f6\u00f6n tarkoitettua giljotiinisaksikonetta, joka on suunniteltu levyjen leikkaamiseen. Koneen enimm\u00e4isleikkuupituus on 3040 mm ja suurin leikattava materiaalipaksuus 12 mm. Laite on varustettu moottoroidulla takavasteella, jonka s\u00e4\u00e4t\u00f6alue on 1000 mm, mahdollistaen materiaalin tarkan asemoinnin.\" \/>\n<meta property=\"og:url\" content=\"https:\/\/venevo.fi\/en\/tuote\/lotze-12-x-3000\/\" \/>\n<meta property=\"og:site_name\" content=\"Venevo Oy\" \/>\n<meta property=\"og:image\" content=\"https:\/\/venevo.fi\/wp-content\/uploads\/2026\/04\/21288007-01.jpg\" \/>\n\t<meta property=\"og:image:width\" content=\"640\" \/>\n\t<meta property=\"og:image:height\" content=\"480\" \/>\n\t<meta property=\"og:image:type\" content=\"image\/jpeg\" \/>\n<meta name=\"twitter:card\" content=\"summary_large_image\" \/>\n<meta name=\"twitter:label1\" content=\"Est. reading time\" \/>\n\t<meta name=\"twitter:data1\" content=\"1 minute\" \/>\n<script type=\"application\/ld+json\" class=\"yoast-schema-graph\">{\"@context\":\"https:\\\/\\\/schema.org\",\"@graph\":[{\"@type\":\"WebPage\",\"@id\":\"https:\\\/\\\/venevo.fi\\\/en\\\/tuote\\\/lotze-12-x-3000\\\/\",\"url\":\"https:\\\/\\\/venevo.fi\\\/en\\\/tuote\\\/lotze-12-x-3000\\\/\",\"name\":\"Lotze 12 x 3000 - Venevo Oy\",\"isPartOf\":{\"@id\":\"https:\\\/\\\/venevo.fi\\\/en\\\/#website\"},\"primaryImageOfPage\":{\"@id\":\"https:\\\/\\\/venevo.fi\\\/en\\\/tuote\\\/lotze-12-x-3000\\\/#primaryimage\"},\"image\":{\"@id\":\"https:\\\/\\\/venevo.fi\\\/en\\\/tuote\\\/lotze-12-x-3000\\\/#primaryimage\"},\"thumbnailUrl\":\"https:\\\/\\\/venevo.fi\\\/wp-content\\\/uploads\\\/2026\\\/04\\\/21288007-01.jpg\",\"datePublished\":\"2026-04-29T12:45:48+00:00\",\"breadcrumb\":{\"@id\":\"https:\\\/\\\/venevo.fi\\\/en\\\/tuote\\\/lotze-12-x-3000\\\/#breadcrumb\"},\"inLanguage\":\"en-US\",\"potentialAction\":[{\"@type\":\"ReadAction\",\"target\":[\"https:\\\/\\\/venevo.fi\\\/en\\\/tuote\\\/lotze-12-x-3000\\\/\"]}]},{\"@type\":\"ImageObject\",\"inLanguage\":\"en-US\",\"@id\":\"https:\\\/\\\/venevo.fi\\\/en\\\/tuote\\\/lotze-12-x-3000\\\/#primaryimage\",\"url\":\"https:\\\/\\\/venevo.fi\\\/wp-content\\\/uploads\\\/2026\\\/04\\\/21288007-01.jpg\",\"contentUrl\":\"https:\\\/\\\/venevo.fi\\\/wp-content\\\/uploads\\\/2026\\\/04\\\/21288007-01.jpg\",\"width\":640,\"height\":480},{\"@type\":\"BreadcrumbList\",\"@id\":\"https:\\\/\\\/venevo.fi\\\/en\\\/tuote\\\/lotze-12-x-3000\\\/#breadcrumb\",\"itemListElement\":[{\"@type\":\"ListItem\",\"position\":1,\"name\":\"Etusivu\",\"item\":\"https:\\\/\\\/venevo.fi\\\/en\\\/home\\\/\"},{\"@type\":\"ListItem\",\"position\":2,\"name\":\"Tuotteet\",\"item\":\"https:\\\/\\\/venevo.fi\\\/tuotteet\\\/\"},{\"@type\":\"ListItem\",\"position\":3,\"name\":\"Lotze 12 x 3000\"}]},{\"@type\":\"WebSite\",\"@id\":\"https:\\\/\\\/venevo.fi\\\/en\\\/#website\",\"url\":\"https:\\\/\\\/venevo.fi\\\/en\\\/\",\"name\":\"Venevo Tmi\",\"description\":\"Kotimainen koneiden ja laitteiden myynnin asiantuntija\",\"publisher\":{\"@id\":\"https:\\\/\\\/venevo.fi\\\/en\\\/#organization\"},\"potentialAction\":[{\"@type\":\"SearchAction\",\"target\":{\"@type\":\"EntryPoint\",\"urlTemplate\":\"https:\\\/\\\/venevo.fi\\\/en\\\/?s={search_term_string}\"},\"query-input\":{\"@type\":\"PropertyValueSpecification\",\"valueRequired\":true,\"valueName\":\"search_term_string\"}}],\"inLanguage\":\"en-US\"},{\"@type\":\"Organization\",\"@id\":\"https:\\\/\\\/venevo.fi\\\/en\\\/#organization\",\"name\":\"Venevo Tmi\",\"url\":\"https:\\\/\\\/venevo.fi\\\/en\\\/\",\"logo\":{\"@type\":\"ImageObject\",\"inLanguage\":\"en-US\",\"@id\":\"https:\\\/\\\/venevo.fi\\\/en\\\/#\\\/schema\\\/logo\\\/image\\\/\",\"url\":\"https:\\\/\\\/venevo.fi\\\/wp-content\\\/uploads\\\/2022\\\/02\\\/logo-venevo.jpg\",\"contentUrl\":\"https:\\\/\\\/venevo.fi\\\/wp-content\\\/uploads\\\/2022\\\/02\\\/logo-venevo.jpg\",\"width\":778,\"height\":111,\"caption\":\"Venevo Tmi\"},\"image\":{\"@id\":\"https:\\\/\\\/venevo.fi\\\/en\\\/#\\\/schema\\\/logo\\\/image\\\/\"}}]}<\/script>\n<!-- \/ Yoast SEO plugin. -->","yoast_head_json":{"title":"Lotze 12 x 3000 - Venevo Oy","robots":{"index":"index","follow":"follow","max-snippet":"max-snippet:-1","max-image-preview":"max-image-preview:large","max-video-preview":"max-video-preview:-1"},"canonical":"https:\/\/venevo.fi\/en\/tuote\/lotze-12-x-3000\/","og_locale":"en_US","og_type":"article","og_title":"Lotze 12 x 3000 - Venevo Oy","og_description":"T\u00e4m\u00e4 ilmoitus koskee teollisuusk\u00e4ytt\u00f6\u00f6n tarkoitettua giljotiinisaksikonetta, joka on suunniteltu levyjen leikkaamiseen. Koneen enimm\u00e4isleikkuupituus on 3040 mm ja suurin leikattava materiaalipaksuus 12 mm. Laite on varustettu moottoroidulla takavasteella, jonka s\u00e4\u00e4t\u00f6alue on 1000 mm, mahdollistaen materiaalin tarkan asemoinnin.","og_url":"https:\/\/venevo.fi\/en\/tuote\/lotze-12-x-3000\/","og_site_name":"Venevo Oy","og_image":[{"width":640,"height":480,"url":"https:\/\/venevo.fi\/wp-content\/uploads\/2026\/04\/21288007-01.jpg","type":"image\/jpeg"}],"twitter_card":"summary_large_image","twitter_misc":{"Est. reading time":"1 minute"},"schema":{"@context":"https:\/\/schema.org","@graph":[{"@type":"WebPage","@id":"https:\/\/venevo.fi\/en\/tuote\/lotze-12-x-3000\/","url":"https:\/\/venevo.fi\/en\/tuote\/lotze-12-x-3000\/","name":"Lotze 12 x 3000 - Venevo Oy","isPartOf":{"@id":"https:\/\/venevo.fi\/en\/#website"},"primaryImageOfPage":{"@id":"https:\/\/venevo.fi\/en\/tuote\/lotze-12-x-3000\/#primaryimage"},"image":{"@id":"https:\/\/venevo.fi\/en\/tuote\/lotze-12-x-3000\/#primaryimage"},"thumbnailUrl":"https:\/\/venevo.fi\/wp-content\/uploads\/2026\/04\/21288007-01.jpg","datePublished":"2026-04-29T12:45:48+00:00","breadcrumb":{"@id":"https:\/\/venevo.fi\/en\/tuote\/lotze-12-x-3000\/#breadcrumb"},"inLanguage":"en-US","potentialAction":[{"@type":"ReadAction","target":["https:\/\/venevo.fi\/en\/tuote\/lotze-12-x-3000\/"]}]},{"@type":"ImageObject","inLanguage":"en-US","@id":"https:\/\/venevo.fi\/en\/tuote\/lotze-12-x-3000\/#primaryimage","url":"https:\/\/venevo.fi\/wp-content\/uploads\/2026\/04\/21288007-01.jpg","contentUrl":"https:\/\/venevo.fi\/wp-content\/uploads\/2026\/04\/21288007-01.jpg","width":640,"height":480},{"@type":"BreadcrumbList","@id":"https:\/\/venevo.fi\/en\/tuote\/lotze-12-x-3000\/#breadcrumb","itemListElement":[{"@type":"ListItem","position":1,"name":"Etusivu","item":"https:\/\/venevo.fi\/en\/home\/"},{"@type":"ListItem","position":2,"name":"Tuotteet","item":"https:\/\/venevo.fi\/tuotteet\/"},{"@type":"ListItem","position":3,"name":"Lotze 12 x 3000"}]},{"@type":"WebSite","@id":"https:\/\/venevo.fi\/en\/#website","url":"https:\/\/venevo.fi\/en\/","name":"Venevo Tmi","description":"Kotimainen koneiden ja laitteiden myynnin asiantuntija","publisher":{"@id":"https:\/\/venevo.fi\/en\/#organization"},"potentialAction":[{"@type":"SearchAction","target":{"@type":"EntryPoint","urlTemplate":"https:\/\/venevo.fi\/en\/?s={search_term_string}"},"query-input":{"@type":"PropertyValueSpecification","valueRequired":true,"valueName":"search_term_string"}}],"inLanguage":"en-US"},{"@type":"Organization","@id":"https:\/\/venevo.fi\/en\/#organization","name":"Venevo Tmi","url":"https:\/\/venevo.fi\/en\/","logo":{"@type":"ImageObject","inLanguage":"en-US","@id":"https:\/\/venevo.fi\/en\/#\/schema\/logo\/image\/","url":"https:\/\/venevo.fi\/wp-content\/uploads\/2022\/02\/logo-venevo.jpg","contentUrl":"https:\/\/venevo.fi\/wp-content\/uploads\/2022\/02\/logo-venevo.jpg","width":778,"height":111,"caption":"Venevo Tmi"},"image":{"@id":"https:\/\/venevo.fi\/en\/#\/schema\/logo\/image\/"}}]}},"_links":{"self":[{"href":"https:\/\/venevo.fi\/en\/wp-json\/wp\/v2\/product\/1561","targetHints":{"allow":["GET"]}}],"collection":[{"href":"https:\/\/venevo.fi\/en\/wp-json\/wp\/v2\/product"}],"about":[{"href":"https:\/\/venevo.fi\/en\/wp-json\/wp\/v2\/types\/product"}],"wp:featuredmedia":[{"embeddable":true,"href":"https:\/\/venevo.fi\/en\/wp-json\/wp\/v2\/media\/1562"}],"wp:attachment":[{"href":"https:\/\/venevo.fi\/en\/wp-json\/wp\/v2\/media?parent=1561"}],"wp:term":[{"taxonomy":"product_brand","embeddable":true,"href":"https:\/\/venevo.fi\/en\/wp-json\/wp\/v2\/product_brand?post=1561"},{"taxonomy":"product_cat","embeddable":true,"href":"https:\/\/venevo.fi\/en\/wp-json\/wp\/v2\/product_cat?post=1561"},{"taxonomy":"product_tag","embeddable":true,"href":"https:\/\/venevo.fi\/en\/wp-json\/wp\/v2\/product_tag?post=1561"}],"curies":[{"name":"wp","href":"https:\/\/api.w.org\/{rel}","templated":true}]}}