{"id":1317,"date":"2026-04-29T14:35:26","date_gmt":"2026-04-29T11:35:26","guid":{"rendered":"https:\/\/venevo.fi\/?post_type=product&#038;p=1317"},"modified":"2026-04-29T14:35:26","modified_gmt":"2026-04-29T11:35:26","slug":"daewoo-ace-h500","status":"publish","type":"product","link":"https:\/\/venevo.fi\/en\/tuote\/daewoo-ace-h500\/","title":{"rendered":"DAEWOO ACE-H500"},"content":{"rendered":"<p>Tekniset tiedot:<\/p>\n<p>Lavakoko: 500 \u00d7 500 mm<br \/>\nPsdox Htawsbl Iubcjgk<br \/>\nLavojen m\u00e4\u00e4r\u00e4: 6<br \/>\nTy\u00f6kappaleen enimm\u00e4iskoko: \u00d8800 \u00d7 1000 mm<br \/>\nTy\u00f6kappaleen enimm\u00e4ispaino: 800 kg<br \/>\nX-akselin liike: 800 mm<br \/>\nY-akselin liike: 650 mm<br \/>\nZ-akselin liike: 650 mm<br \/>\nKaran kartio: BT50<br \/>\nMaks. karan kierrosnopeus: 6000 rpm<br \/>\nKaran moottoriteho: 12 kW<br \/>\nTy\u00f6kalumakasiinin kapasiteetti: 120 ty\u00f6kalua<br \/>\nTy\u00f6kalunvaihto: Automaattinen<br \/>\nCNC-ohjaus: FANUC<br \/>\nNopeussiirrot (X\/Y\/Z): 24 m\/min<br \/>\nKoneen mitat (P \u00d7 L \u00d7 K): n. 4,5 \u00d7 2,8 \u00d7 3,0 m<br \/>\nKoneen paino: n. 12 000 kg<\/p>\n<p>Yleist\u00e4:<\/p>\n<p>Vankka laatikkorakenne takaa vakaan raskaan koneistuksen<br \/>\nSuurella v\u00e4\u00e4nn\u00f6ll\u00e4 varustettu kara soveltuu ter\u00e4ksen ja valuraudan koneistukseen<br \/>\nErinomainen tarkkuus ja toistettavuus<br \/>\nIhanteellinen sarjatuotantoon ja joustavaan valmistukseen<br \/>\nTodistetusti toimiva konealusta, hyv\u00e4 varaosien saatavuus<\/p>\n<p>Mahdollisuus koek\u00e4ytt\u00f6\u00f6n sopimuksen mukaan.<\/p>\n<p>Kysy toimitettuna hinta.<br \/>\nTarkista yksityiskohdat myyj\u00e4lt\u00e4.<\/p>\n","protected":false},"excerpt":{"rendered":"<p>DAEWOO ACE-H500<\/p>\n<p>Myynniss\u00e4 Daewoo ACE-H500 vaaka-karainen ty\u00f6st\u00f6keskus, j\u00e4re\u00e4 ja luotettava HMC, joka on suunniteltu tarkkuutta vaativaan ja tuottavaan koneistukseen. ACE-H500 tunnetaan erityisesti vahvasta rakenteestaan, tehokkaasta karastaan ja pitk\u00e4st\u00e4 k\u00e4ytt\u00f6i\u00e4st\u00e4\u00e4n, mink\u00e4 ansiosta se on erinomainen valinta alihankintaan sek\u00e4 teolliseen sarjatuotantoon.<\/p>\n<p>Daewoo (nykyisin DN Solutions) -koneet ovat arvostettuja maailmanlaajuisesti niiden kest\u00e4vyyden, tarkkuuden ja huoltovarmuuden ansiosta.<\/p>\n","protected":false},"featured_media":1318,"template":"","meta":[],"product_brand":[79],"product_cat":[40,80],"product_tag":[],"class_list":{"0":"post-1317","1":"product","2":"type-product","3":"status-publish","4":"has-post-thumbnail","6":"product_brand-daewoo","7":"product_cat-metallintyostokoneet-ja-tyostokoneet","8":"product_cat-vaakasuorat-tyostokeskukset","10":"first","11":"instock","12":"shipping-taxable","13":"purchasable","14":"product-type-simple"},"yoast_head":"<!-- This site is optimized with the Yoast SEO plugin v27.5 - https:\/\/yoast.com\/product\/yoast-seo-wordpress\/ -->\n<title>DAEWOO ACE-H500 - Venevo Oy<\/title>\n<meta name=\"robots\" content=\"index, follow, max-snippet:-1, max-image-preview:large, max-video-preview:-1\" \/>\n<link rel=\"canonical\" href=\"https:\/\/venevo.fi\/en\/tuote\/daewoo-ace-h500\/\" \/>\n<meta property=\"og:locale\" content=\"en_US\" \/>\n<meta property=\"og:type\" content=\"article\" \/>\n<meta property=\"og:title\" content=\"DAEWOO ACE-H500 - Venevo Oy\" \/>\n<meta property=\"og:description\" content=\"DAEWOO ACE-H500  Myynniss\u00e4 Daewoo ACE-H500 vaaka-karainen ty\u00f6st\u00f6keskus, j\u00e4re\u00e4 ja luotettava HMC, joka on suunniteltu tarkkuutta vaativaan ja tuottavaan koneistukseen. ACE-H500 tunnetaan erityisesti vahvasta rakenteestaan, tehokkaasta karastaan ja pitk\u00e4st\u00e4 k\u00e4ytt\u00f6i\u00e4st\u00e4\u00e4n, mink\u00e4 ansiosta se on erinomainen valinta alihankintaan sek\u00e4 teolliseen sarjatuotantoon.  Daewoo (nykyisin DN Solutions) -koneet ovat arvostettuja maailmanlaajuisesti niiden kest\u00e4vyyden, tarkkuuden ja huoltovarmuuden ansiosta.\" \/>\n<meta property=\"og:url\" content=\"https:\/\/venevo.fi\/en\/tuote\/daewoo-ace-h500\/\" \/>\n<meta property=\"og:site_name\" content=\"Venevo Oy\" \/>\n<meta property=\"og:image\" content=\"https:\/\/venevo.fi\/wp-content\/uploads\/2026\/04\/20757522-01.jpg\" \/>\n\t<meta property=\"og:image:width\" content=\"360\" \/>\n\t<meta property=\"og:image:height\" content=\"480\" \/>\n\t<meta property=\"og:image:type\" content=\"image\/jpeg\" \/>\n<meta name=\"twitter:card\" content=\"summary_large_image\" \/>\n<meta name=\"twitter:label1\" content=\"Est. reading time\" \/>\n\t<meta name=\"twitter:data1\" content=\"1 minute\" \/>\n<script type=\"application\/ld+json\" class=\"yoast-schema-graph\">{\"@context\":\"https:\\\/\\\/schema.org\",\"@graph\":[{\"@type\":\"WebPage\",\"@id\":\"https:\\\/\\\/venevo.fi\\\/en\\\/tuote\\\/daewoo-ace-h500\\\/\",\"url\":\"https:\\\/\\\/venevo.fi\\\/en\\\/tuote\\\/daewoo-ace-h500\\\/\",\"name\":\"DAEWOO ACE-H500 - Venevo Oy\",\"isPartOf\":{\"@id\":\"https:\\\/\\\/venevo.fi\\\/en\\\/#website\"},\"primaryImageOfPage\":{\"@id\":\"https:\\\/\\\/venevo.fi\\\/en\\\/tuote\\\/daewoo-ace-h500\\\/#primaryimage\"},\"image\":{\"@id\":\"https:\\\/\\\/venevo.fi\\\/en\\\/tuote\\\/daewoo-ace-h500\\\/#primaryimage\"},\"thumbnailUrl\":\"https:\\\/\\\/venevo.fi\\\/wp-content\\\/uploads\\\/2026\\\/04\\\/20757522-01.jpg\",\"datePublished\":\"2026-04-29T11:35:26+00:00\",\"breadcrumb\":{\"@id\":\"https:\\\/\\\/venevo.fi\\\/en\\\/tuote\\\/daewoo-ace-h500\\\/#breadcrumb\"},\"inLanguage\":\"en-US\",\"potentialAction\":[{\"@type\":\"ReadAction\",\"target\":[\"https:\\\/\\\/venevo.fi\\\/en\\\/tuote\\\/daewoo-ace-h500\\\/\"]}]},{\"@type\":\"ImageObject\",\"inLanguage\":\"en-US\",\"@id\":\"https:\\\/\\\/venevo.fi\\\/en\\\/tuote\\\/daewoo-ace-h500\\\/#primaryimage\",\"url\":\"https:\\\/\\\/venevo.fi\\\/wp-content\\\/uploads\\\/2026\\\/04\\\/20757522-01.jpg\",\"contentUrl\":\"https:\\\/\\\/venevo.fi\\\/wp-content\\\/uploads\\\/2026\\\/04\\\/20757522-01.jpg\",\"width\":360,\"height\":480},{\"@type\":\"BreadcrumbList\",\"@id\":\"https:\\\/\\\/venevo.fi\\\/en\\\/tuote\\\/daewoo-ace-h500\\\/#breadcrumb\",\"itemListElement\":[{\"@type\":\"ListItem\",\"position\":1,\"name\":\"Etusivu\",\"item\":\"https:\\\/\\\/venevo.fi\\\/en\\\/home\\\/\"},{\"@type\":\"ListItem\",\"position\":2,\"name\":\"Tuotteet\",\"item\":\"https:\\\/\\\/venevo.fi\\\/tuotteet\\\/\"},{\"@type\":\"ListItem\",\"position\":3,\"name\":\"DAEWOO ACE-H500\"}]},{\"@type\":\"WebSite\",\"@id\":\"https:\\\/\\\/venevo.fi\\\/en\\\/#website\",\"url\":\"https:\\\/\\\/venevo.fi\\\/en\\\/\",\"name\":\"Venevo Tmi\",\"description\":\"Kotimainen koneiden ja laitteiden myynnin asiantuntija\",\"publisher\":{\"@id\":\"https:\\\/\\\/venevo.fi\\\/en\\\/#organization\"},\"potentialAction\":[{\"@type\":\"SearchAction\",\"target\":{\"@type\":\"EntryPoint\",\"urlTemplate\":\"https:\\\/\\\/venevo.fi\\\/en\\\/?s={search_term_string}\"},\"query-input\":{\"@type\":\"PropertyValueSpecification\",\"valueRequired\":true,\"valueName\":\"search_term_string\"}}],\"inLanguage\":\"en-US\"},{\"@type\":\"Organization\",\"@id\":\"https:\\\/\\\/venevo.fi\\\/en\\\/#organization\",\"name\":\"Venevo Tmi\",\"url\":\"https:\\\/\\\/venevo.fi\\\/en\\\/\",\"logo\":{\"@type\":\"ImageObject\",\"inLanguage\":\"en-US\",\"@id\":\"https:\\\/\\\/venevo.fi\\\/en\\\/#\\\/schema\\\/logo\\\/image\\\/\",\"url\":\"https:\\\/\\\/venevo.fi\\\/wp-content\\\/uploads\\\/2022\\\/02\\\/logo-venevo.jpg\",\"contentUrl\":\"https:\\\/\\\/venevo.fi\\\/wp-content\\\/uploads\\\/2022\\\/02\\\/logo-venevo.jpg\",\"width\":778,\"height\":111,\"caption\":\"Venevo Tmi\"},\"image\":{\"@id\":\"https:\\\/\\\/venevo.fi\\\/en\\\/#\\\/schema\\\/logo\\\/image\\\/\"}}]}<\/script>\n<!-- \/ Yoast SEO plugin. -->","yoast_head_json":{"title":"DAEWOO ACE-H500 - Venevo Oy","robots":{"index":"index","follow":"follow","max-snippet":"max-snippet:-1","max-image-preview":"max-image-preview:large","max-video-preview":"max-video-preview:-1"},"canonical":"https:\/\/venevo.fi\/en\/tuote\/daewoo-ace-h500\/","og_locale":"en_US","og_type":"article","og_title":"DAEWOO ACE-H500 - Venevo Oy","og_description":"DAEWOO ACE-H500  Myynniss\u00e4 Daewoo ACE-H500 vaaka-karainen ty\u00f6st\u00f6keskus, j\u00e4re\u00e4 ja luotettava HMC, joka on suunniteltu tarkkuutta vaativaan ja tuottavaan koneistukseen. ACE-H500 tunnetaan erityisesti vahvasta rakenteestaan, tehokkaasta karastaan ja pitk\u00e4st\u00e4 k\u00e4ytt\u00f6i\u00e4st\u00e4\u00e4n, mink\u00e4 ansiosta se on erinomainen valinta alihankintaan sek\u00e4 teolliseen sarjatuotantoon.  Daewoo (nykyisin DN Solutions) -koneet ovat arvostettuja maailmanlaajuisesti niiden kest\u00e4vyyden, tarkkuuden ja huoltovarmuuden ansiosta.","og_url":"https:\/\/venevo.fi\/en\/tuote\/daewoo-ace-h500\/","og_site_name":"Venevo Oy","og_image":[{"width":360,"height":480,"url":"https:\/\/venevo.fi\/wp-content\/uploads\/2026\/04\/20757522-01.jpg","type":"image\/jpeg"}],"twitter_card":"summary_large_image","twitter_misc":{"Est. reading time":"1 minute"},"schema":{"@context":"https:\/\/schema.org","@graph":[{"@type":"WebPage","@id":"https:\/\/venevo.fi\/en\/tuote\/daewoo-ace-h500\/","url":"https:\/\/venevo.fi\/en\/tuote\/daewoo-ace-h500\/","name":"DAEWOO ACE-H500 - Venevo Oy","isPartOf":{"@id":"https:\/\/venevo.fi\/en\/#website"},"primaryImageOfPage":{"@id":"https:\/\/venevo.fi\/en\/tuote\/daewoo-ace-h500\/#primaryimage"},"image":{"@id":"https:\/\/venevo.fi\/en\/tuote\/daewoo-ace-h500\/#primaryimage"},"thumbnailUrl":"https:\/\/venevo.fi\/wp-content\/uploads\/2026\/04\/20757522-01.jpg","datePublished":"2026-04-29T11:35:26+00:00","breadcrumb":{"@id":"https:\/\/venevo.fi\/en\/tuote\/daewoo-ace-h500\/#breadcrumb"},"inLanguage":"en-US","potentialAction":[{"@type":"ReadAction","target":["https:\/\/venevo.fi\/en\/tuote\/daewoo-ace-h500\/"]}]},{"@type":"ImageObject","inLanguage":"en-US","@id":"https:\/\/venevo.fi\/en\/tuote\/daewoo-ace-h500\/#primaryimage","url":"https:\/\/venevo.fi\/wp-content\/uploads\/2026\/04\/20757522-01.jpg","contentUrl":"https:\/\/venevo.fi\/wp-content\/uploads\/2026\/04\/20757522-01.jpg","width":360,"height":480},{"@type":"BreadcrumbList","@id":"https:\/\/venevo.fi\/en\/tuote\/daewoo-ace-h500\/#breadcrumb","itemListElement":[{"@type":"ListItem","position":1,"name":"Etusivu","item":"https:\/\/venevo.fi\/en\/home\/"},{"@type":"ListItem","position":2,"name":"Tuotteet","item":"https:\/\/venevo.fi\/tuotteet\/"},{"@type":"ListItem","position":3,"name":"DAEWOO ACE-H500"}]},{"@type":"WebSite","@id":"https:\/\/venevo.fi\/en\/#website","url":"https:\/\/venevo.fi\/en\/","name":"Venevo Tmi","description":"Kotimainen koneiden ja laitteiden myynnin asiantuntija","publisher":{"@id":"https:\/\/venevo.fi\/en\/#organization"},"potentialAction":[{"@type":"SearchAction","target":{"@type":"EntryPoint","urlTemplate":"https:\/\/venevo.fi\/en\/?s={search_term_string}"},"query-input":{"@type":"PropertyValueSpecification","valueRequired":true,"valueName":"search_term_string"}}],"inLanguage":"en-US"},{"@type":"Organization","@id":"https:\/\/venevo.fi\/en\/#organization","name":"Venevo Tmi","url":"https:\/\/venevo.fi\/en\/","logo":{"@type":"ImageObject","inLanguage":"en-US","@id":"https:\/\/venevo.fi\/en\/#\/schema\/logo\/image\/","url":"https:\/\/venevo.fi\/wp-content\/uploads\/2022\/02\/logo-venevo.jpg","contentUrl":"https:\/\/venevo.fi\/wp-content\/uploads\/2022\/02\/logo-venevo.jpg","width":778,"height":111,"caption":"Venevo Tmi"},"image":{"@id":"https:\/\/venevo.fi\/en\/#\/schema\/logo\/image\/"}}]}},"_links":{"self":[{"href":"https:\/\/venevo.fi\/en\/wp-json\/wp\/v2\/product\/1317","targetHints":{"allow":["GET"]}}],"collection":[{"href":"https:\/\/venevo.fi\/en\/wp-json\/wp\/v2\/product"}],"about":[{"href":"https:\/\/venevo.fi\/en\/wp-json\/wp\/v2\/types\/product"}],"wp:featuredmedia":[{"embeddable":true,"href":"https:\/\/venevo.fi\/en\/wp-json\/wp\/v2\/media\/1318"}],"wp:attachment":[{"href":"https:\/\/venevo.fi\/en\/wp-json\/wp\/v2\/media?parent=1317"}],"wp:term":[{"taxonomy":"product_brand","embeddable":true,"href":"https:\/\/venevo.fi\/en\/wp-json\/wp\/v2\/product_brand?post=1317"},{"taxonomy":"product_cat","embeddable":true,"href":"https:\/\/venevo.fi\/en\/wp-json\/wp\/v2\/product_cat?post=1317"},{"taxonomy":"product_tag","embeddable":true,"href":"https:\/\/venevo.fi\/en\/wp-json\/wp\/v2\/product_tag?post=1317"}],"curies":[{"name":"wp","href":"https:\/\/api.w.org\/{rel}","templated":true}]}}