{"id":1240,"date":"2026-04-29T14:12:03","date_gmt":"2026-04-29T11:12:03","guid":{"rendered":"https:\/\/venevo.fi\/?post_type=product&#038;p=1240"},"modified":"2026-04-29T14:12:03","modified_gmt":"2026-04-29T11:12:03","slug":"abb-irb-540","status":"publish","type":"product","link":"https:\/\/venevo.fi\/en\/tuote\/abb-irb-540\/","title":{"rendered":"ABB IRB 540"},"content":{"rendered":"<p>ABB IRB 540 \u2013 Tekniset tiedot<br \/>\nYleist\u00e4<\/p>\n<p>Tyyppi: Teollisuuden maalausrobotti<br \/>\nKokoonpano: 6-akselinen nivelvarsirobotti<br \/>\nTyypillinen ohjain: ABB S4P \/ S4P+<br \/>\nK\u00e4ytt\u00f6kohteet: Maalaus, pinnoitus, suihkutus<\/p>\n<p>Tekniset tiedot<\/p>\n<p>Kantokyky: 10 kg<br \/>\nToimintamatka: noin 1600 mm<br \/>\nToistotarkkuus: \u00b10,2 mm<br \/>\nAkseleiden m\u00e4\u00e4r\u00e4: 6<br \/>\nAsennus: Lattia- tai sein\u00e4asennus<br \/>\nSuojausluokka: Suunniteltu r\u00e4j\u00e4hdysvaarallisiin maalausymp\u00e4rist\u00f6ihin (Ex-versiot saatavilla kokoonpanon mukaan)<\/p>\n<p>Suorituskyky<\/p>\n<p>Soveltuu nopeisiin ja tarkkoihin maalausreitteihin<br \/>\nErinomainen pinnanlaatu ja tasaisuus<br \/>\nLaaja ty\u00f6skentelyalue keskikokoisille kappaleille<\/p>\n<p>ABB IRB 580 \u2013 Tekniset tiedot<br \/>\nYleist\u00e4<\/p>\n<p>Tyyppi: Nopea maalausrobotti<br \/>\nKokoonpano: 4- tai 6-akselinen (version mukaan)<br \/>\nTyypillinen ohjain: ABB IRC5P<br \/>\nPsdbl Iex Ei T Roubcsgk<br \/>\nK\u00e4ytt\u00f6kohteet: Auto- ja teollisuusmaalaus, jauhemaalaus, suihkutus<\/p>\n<p>Tekniset tiedot<\/p>\n<p>Kantokyky: 7 kg<br \/>\nVaakasuuntainen ulottuvuus: 2000 mm (vakiomalli)<br \/>\nToistotarkkuus: \u00b10,15 mm<br \/>\nAkseleiden m\u00e4\u00e4r\u00e4: 4 tai 6<br \/>\nAsennus: Lattia-, sein\u00e4- tai kiskoasennus<br \/>\nSuojausluokka: T\u00e4ysin ATEX-yhteensopiva (variantista riippuen)<\/p>\n<p>Suorituskyky<\/p>\n<p>Korkea toimintanopeus ja maksimaalinen tuotantoteho<br \/>\nOptimoitu reitintarkkuus korkelaatuiselle pinnoitukselle<br \/>\nSoveltuu suurille ty\u00f6kappaleille ja pitkiin iskuet\u00e4isyyksiin<\/p>\n<p>Kunto<\/p>\n<p>Molemmat robotit ovat teollisuusk\u00e4ytt\u00f6\u00f6n soveltuvia ja tarjoavat vakaata suorituskyky\u00e4 maalausymp\u00e4rist\u00f6iss\u00e4.<br \/>\nLis\u00e4varusteet, ohjaimet ja sovelluslaitteet saatavilla pyynn\u00f6st\u00e4.<\/p>\n<p>Kuljetus-, pakkaus- ja asennuspalvelut j\u00e4rjestett\u00e4viss\u00e4.<\/p>\n<p>Huom<br \/>\nKaikki tekniset tiedot tulee varmistaa myyj\u00e4lt\u00e4.<\/p>\n","protected":false},"excerpt":{"rendered":"<p>ABB IRB 540 &amp; IRB 580 \u2013 Teollisuusmaalausrobotit myyt\u00e4v\u00e4n\u00e4<\/p>\n<p>Saatavilla: ABB IRB 540 ja ABB IRB 580 teollisuusmaalausrobotit.<br \/>\nMolemmat mallit on suunniteltu tarkkuutta ja suurta tuotantonopeutta vaativiin maalaussovelluksiin, ja ne tarjoavat erinomaista luotettavuutta, toistotarkkuutta ja alhaiset yll\u00e4pitokustannukset. Soveltuvat auto-, metalliteollisuuteen, yleiseen tuotantoon sek\u00e4 muihin automatisoitua pinnoitusta vaativiin teollisiin k\u00e4ytt\u00f6kohteisiin.<\/p>\n","protected":false},"featured_media":1241,"template":"","meta":[],"product_brand":[71],"product_cat":[42],"product_tag":[],"class_list":{"0":"post-1240","1":"product","2":"type-product","3":"status-publish","4":"has-post-thumbnail","6":"product_brand-abb","7":"product_cat-automaatiotekniikka","9":"first","10":"instock","11":"shipping-taxable","12":"purchasable","13":"product-type-simple"},"yoast_head":"<!-- This site is optimized with the Yoast SEO plugin v27.5 - https:\/\/yoast.com\/product\/yoast-seo-wordpress\/ -->\n<title>ABB IRB 540 - Venevo Oy<\/title>\n<meta name=\"robots\" content=\"index, follow, max-snippet:-1, max-image-preview:large, max-video-preview:-1\" \/>\n<link rel=\"canonical\" href=\"https:\/\/venevo.fi\/en\/tuote\/abb-irb-540\/\" \/>\n<meta property=\"og:locale\" content=\"en_US\" \/>\n<meta property=\"og:type\" content=\"article\" \/>\n<meta property=\"og:title\" content=\"ABB IRB 540 - Venevo Oy\" \/>\n<meta property=\"og:description\" content=\"ABB IRB 540 &amp; IRB 580 \u2013 Teollisuusmaalausrobotit myyt\u00e4v\u00e4n\u00e4  Saatavilla: ABB IRB 540 ja ABB IRB 580 teollisuusmaalausrobotit. Molemmat mallit on suunniteltu tarkkuutta ja suurta tuotantonopeutta vaativiin maalaussovelluksiin, ja ne tarjoavat erinomaista luotettavuutta, toistotarkkuutta ja alhaiset yll\u00e4pitokustannukset. Soveltuvat auto-, metalliteollisuuteen, yleiseen tuotantoon sek\u00e4 muihin automatisoitua pinnoitusta vaativiin teollisiin k\u00e4ytt\u00f6kohteisiin.\" \/>\n<meta property=\"og:url\" content=\"https:\/\/venevo.fi\/en\/tuote\/abb-irb-540\/\" \/>\n<meta property=\"og:site_name\" content=\"Venevo Oy\" \/>\n<meta property=\"og:image\" content=\"https:\/\/venevo.fi\/wp-content\/uploads\/2026\/04\/20717532-01.jpg\" \/>\n\t<meta property=\"og:image:width\" content=\"360\" \/>\n\t<meta property=\"og:image:height\" content=\"480\" \/>\n\t<meta property=\"og:image:type\" content=\"image\/jpeg\" \/>\n<meta name=\"twitter:card\" content=\"summary_large_image\" \/>\n<meta name=\"twitter:label1\" content=\"Est. reading time\" \/>\n\t<meta name=\"twitter:data1\" content=\"2 minutes\" \/>\n<script type=\"application\/ld+json\" class=\"yoast-schema-graph\">{\"@context\":\"https:\\\/\\\/schema.org\",\"@graph\":[{\"@type\":\"WebPage\",\"@id\":\"https:\\\/\\\/venevo.fi\\\/en\\\/tuote\\\/abb-irb-540\\\/\",\"url\":\"https:\\\/\\\/venevo.fi\\\/en\\\/tuote\\\/abb-irb-540\\\/\",\"name\":\"ABB IRB 540 - Venevo Oy\",\"isPartOf\":{\"@id\":\"https:\\\/\\\/venevo.fi\\\/en\\\/#website\"},\"primaryImageOfPage\":{\"@id\":\"https:\\\/\\\/venevo.fi\\\/en\\\/tuote\\\/abb-irb-540\\\/#primaryimage\"},\"image\":{\"@id\":\"https:\\\/\\\/venevo.fi\\\/en\\\/tuote\\\/abb-irb-540\\\/#primaryimage\"},\"thumbnailUrl\":\"https:\\\/\\\/venevo.fi\\\/wp-content\\\/uploads\\\/2026\\\/04\\\/20717532-01.jpg\",\"datePublished\":\"2026-04-29T11:12:03+00:00\",\"breadcrumb\":{\"@id\":\"https:\\\/\\\/venevo.fi\\\/en\\\/tuote\\\/abb-irb-540\\\/#breadcrumb\"},\"inLanguage\":\"en-US\",\"potentialAction\":[{\"@type\":\"ReadAction\",\"target\":[\"https:\\\/\\\/venevo.fi\\\/en\\\/tuote\\\/abb-irb-540\\\/\"]}]},{\"@type\":\"ImageObject\",\"inLanguage\":\"en-US\",\"@id\":\"https:\\\/\\\/venevo.fi\\\/en\\\/tuote\\\/abb-irb-540\\\/#primaryimage\",\"url\":\"https:\\\/\\\/venevo.fi\\\/wp-content\\\/uploads\\\/2026\\\/04\\\/20717532-01.jpg\",\"contentUrl\":\"https:\\\/\\\/venevo.fi\\\/wp-content\\\/uploads\\\/2026\\\/04\\\/20717532-01.jpg\",\"width\":360,\"height\":480},{\"@type\":\"BreadcrumbList\",\"@id\":\"https:\\\/\\\/venevo.fi\\\/en\\\/tuote\\\/abb-irb-540\\\/#breadcrumb\",\"itemListElement\":[{\"@type\":\"ListItem\",\"position\":1,\"name\":\"Etusivu\",\"item\":\"https:\\\/\\\/venevo.fi\\\/en\\\/home\\\/\"},{\"@type\":\"ListItem\",\"position\":2,\"name\":\"Tuotteet\",\"item\":\"https:\\\/\\\/venevo.fi\\\/tuotteet\\\/\"},{\"@type\":\"ListItem\",\"position\":3,\"name\":\"ABB IRB 540\"}]},{\"@type\":\"WebSite\",\"@id\":\"https:\\\/\\\/venevo.fi\\\/en\\\/#website\",\"url\":\"https:\\\/\\\/venevo.fi\\\/en\\\/\",\"name\":\"Venevo Tmi\",\"description\":\"Kotimainen koneiden ja laitteiden myynnin asiantuntija\",\"publisher\":{\"@id\":\"https:\\\/\\\/venevo.fi\\\/en\\\/#organization\"},\"potentialAction\":[{\"@type\":\"SearchAction\",\"target\":{\"@type\":\"EntryPoint\",\"urlTemplate\":\"https:\\\/\\\/venevo.fi\\\/en\\\/?s={search_term_string}\"},\"query-input\":{\"@type\":\"PropertyValueSpecification\",\"valueRequired\":true,\"valueName\":\"search_term_string\"}}],\"inLanguage\":\"en-US\"},{\"@type\":\"Organization\",\"@id\":\"https:\\\/\\\/venevo.fi\\\/en\\\/#organization\",\"name\":\"Venevo Tmi\",\"url\":\"https:\\\/\\\/venevo.fi\\\/en\\\/\",\"logo\":{\"@type\":\"ImageObject\",\"inLanguage\":\"en-US\",\"@id\":\"https:\\\/\\\/venevo.fi\\\/en\\\/#\\\/schema\\\/logo\\\/image\\\/\",\"url\":\"https:\\\/\\\/venevo.fi\\\/wp-content\\\/uploads\\\/2022\\\/02\\\/logo-venevo.jpg\",\"contentUrl\":\"https:\\\/\\\/venevo.fi\\\/wp-content\\\/uploads\\\/2022\\\/02\\\/logo-venevo.jpg\",\"width\":778,\"height\":111,\"caption\":\"Venevo Tmi\"},\"image\":{\"@id\":\"https:\\\/\\\/venevo.fi\\\/en\\\/#\\\/schema\\\/logo\\\/image\\\/\"}}]}<\/script>\n<!-- \/ Yoast SEO plugin. -->","yoast_head_json":{"title":"ABB IRB 540 - Venevo Oy","robots":{"index":"index","follow":"follow","max-snippet":"max-snippet:-1","max-image-preview":"max-image-preview:large","max-video-preview":"max-video-preview:-1"},"canonical":"https:\/\/venevo.fi\/en\/tuote\/abb-irb-540\/","og_locale":"en_US","og_type":"article","og_title":"ABB IRB 540 - Venevo Oy","og_description":"ABB IRB 540 &amp; IRB 580 \u2013 Teollisuusmaalausrobotit myyt\u00e4v\u00e4n\u00e4  Saatavilla: ABB IRB 540 ja ABB IRB 580 teollisuusmaalausrobotit. Molemmat mallit on suunniteltu tarkkuutta ja suurta tuotantonopeutta vaativiin maalaussovelluksiin, ja ne tarjoavat erinomaista luotettavuutta, toistotarkkuutta ja alhaiset yll\u00e4pitokustannukset. Soveltuvat auto-, metalliteollisuuteen, yleiseen tuotantoon sek\u00e4 muihin automatisoitua pinnoitusta vaativiin teollisiin k\u00e4ytt\u00f6kohteisiin.","og_url":"https:\/\/venevo.fi\/en\/tuote\/abb-irb-540\/","og_site_name":"Venevo Oy","og_image":[{"width":360,"height":480,"url":"https:\/\/venevo.fi\/wp-content\/uploads\/2026\/04\/20717532-01.jpg","type":"image\/jpeg"}],"twitter_card":"summary_large_image","twitter_misc":{"Est. reading time":"2 minutes"},"schema":{"@context":"https:\/\/schema.org","@graph":[{"@type":"WebPage","@id":"https:\/\/venevo.fi\/en\/tuote\/abb-irb-540\/","url":"https:\/\/venevo.fi\/en\/tuote\/abb-irb-540\/","name":"ABB IRB 540 - Venevo Oy","isPartOf":{"@id":"https:\/\/venevo.fi\/en\/#website"},"primaryImageOfPage":{"@id":"https:\/\/venevo.fi\/en\/tuote\/abb-irb-540\/#primaryimage"},"image":{"@id":"https:\/\/venevo.fi\/en\/tuote\/abb-irb-540\/#primaryimage"},"thumbnailUrl":"https:\/\/venevo.fi\/wp-content\/uploads\/2026\/04\/20717532-01.jpg","datePublished":"2026-04-29T11:12:03+00:00","breadcrumb":{"@id":"https:\/\/venevo.fi\/en\/tuote\/abb-irb-540\/#breadcrumb"},"inLanguage":"en-US","potentialAction":[{"@type":"ReadAction","target":["https:\/\/venevo.fi\/en\/tuote\/abb-irb-540\/"]}]},{"@type":"ImageObject","inLanguage":"en-US","@id":"https:\/\/venevo.fi\/en\/tuote\/abb-irb-540\/#primaryimage","url":"https:\/\/venevo.fi\/wp-content\/uploads\/2026\/04\/20717532-01.jpg","contentUrl":"https:\/\/venevo.fi\/wp-content\/uploads\/2026\/04\/20717532-01.jpg","width":360,"height":480},{"@type":"BreadcrumbList","@id":"https:\/\/venevo.fi\/en\/tuote\/abb-irb-540\/#breadcrumb","itemListElement":[{"@type":"ListItem","position":1,"name":"Etusivu","item":"https:\/\/venevo.fi\/en\/home\/"},{"@type":"ListItem","position":2,"name":"Tuotteet","item":"https:\/\/venevo.fi\/tuotteet\/"},{"@type":"ListItem","position":3,"name":"ABB IRB 540"}]},{"@type":"WebSite","@id":"https:\/\/venevo.fi\/en\/#website","url":"https:\/\/venevo.fi\/en\/","name":"Venevo Tmi","description":"Kotimainen koneiden ja laitteiden myynnin asiantuntija","publisher":{"@id":"https:\/\/venevo.fi\/en\/#organization"},"potentialAction":[{"@type":"SearchAction","target":{"@type":"EntryPoint","urlTemplate":"https:\/\/venevo.fi\/en\/?s={search_term_string}"},"query-input":{"@type":"PropertyValueSpecification","valueRequired":true,"valueName":"search_term_string"}}],"inLanguage":"en-US"},{"@type":"Organization","@id":"https:\/\/venevo.fi\/en\/#organization","name":"Venevo Tmi","url":"https:\/\/venevo.fi\/en\/","logo":{"@type":"ImageObject","inLanguage":"en-US","@id":"https:\/\/venevo.fi\/en\/#\/schema\/logo\/image\/","url":"https:\/\/venevo.fi\/wp-content\/uploads\/2022\/02\/logo-venevo.jpg","contentUrl":"https:\/\/venevo.fi\/wp-content\/uploads\/2022\/02\/logo-venevo.jpg","width":778,"height":111,"caption":"Venevo Tmi"},"image":{"@id":"https:\/\/venevo.fi\/en\/#\/schema\/logo\/image\/"}}]}},"_links":{"self":[{"href":"https:\/\/venevo.fi\/en\/wp-json\/wp\/v2\/product\/1240","targetHints":{"allow":["GET"]}}],"collection":[{"href":"https:\/\/venevo.fi\/en\/wp-json\/wp\/v2\/product"}],"about":[{"href":"https:\/\/venevo.fi\/en\/wp-json\/wp\/v2\/types\/product"}],"wp:featuredmedia":[{"embeddable":true,"href":"https:\/\/venevo.fi\/en\/wp-json\/wp\/v2\/media\/1241"}],"wp:attachment":[{"href":"https:\/\/venevo.fi\/en\/wp-json\/wp\/v2\/media?parent=1240"}],"wp:term":[{"taxonomy":"product_brand","embeddable":true,"href":"https:\/\/venevo.fi\/en\/wp-json\/wp\/v2\/product_brand?post=1240"},{"taxonomy":"product_cat","embeddable":true,"href":"https:\/\/venevo.fi\/en\/wp-json\/wp\/v2\/product_cat?post=1240"},{"taxonomy":"product_tag","embeddable":true,"href":"https:\/\/venevo.fi\/en\/wp-json\/wp\/v2\/product_tag?post=1240"}],"curies":[{"name":"wp","href":"https:\/\/api.w.org\/{rel}","templated":true}]}}