{"id":1223,"date":"2026-04-29T14:08:55","date_gmt":"2026-04-29T11:08:55","guid":{"rendered":"https:\/\/venevo.fi\/?post_type=product&#038;p=1223"},"modified":"2026-04-29T14:08:55","modified_gmt":"2026-04-29T11:08:55","slug":"goodway-gts-150","status":"publish","type":"product","link":"https:\/\/venevo.fi\/en\/tuote\/goodway-gts-150\/","title":{"rendered":"Goodway GTS-150"},"content":{"rendered":"<p>Tekniset tiedot:<\/p>\n<p>Suurin sorvaushalkaisija: \u00d8180 mm<br \/>\nSuurin sorvauspituus: 180 mm<br \/>\nSuurin keinuhalkaisija suojuksen yli: 180 mm<br \/>\nIstukan koko: 6\u2033<br \/>\nTankokapasiteetti: \u00d842 mm<br \/>\nKaran reik\u00e4: \u00d851 mm<br \/>\nKaran kierrosnopeusalue: 60\u20136000 rpm<br \/>\nKaran moottori: 5,5 \/ 7,5 kW<br \/>\nKaran laakerihalkaisija: \u00d880 mm<br \/>\nKaran kiinnitys: A2-5<br \/>\nX1 \/ X2-liike: 155 mm<br \/>\nZ1-liike: 180 mm<br \/>\nZ2-liike: 500 mm<br \/>\nOhjain: FANUC 18i-TB<br \/>\nHydrauliikka-\/j\u00e4\u00e4hdytysnestes\u00e4ili\u00f6n tilavuus: 50 \/ 140 l<br \/>\nKoneen mitat (P \u00d7 L \u00d7 K): 2,4 \u00d7 1,7 \u00d7 1,8 m<br \/>\nKoneen paino: noin 6000 kg<\/p>\n<p>Yleist\u00e4:<\/p>\n<p>J\u00e4ykk\u00e4 ja vakaa rakenne<br \/>\nNopeak\u00e4yntinen kara tarkalla liikkeenohjauksella<br \/>\nSoveltuu sek\u00e4 yksitt\u00e4is- ett\u00e4 sarjatuotantoon<br \/>\nErinomainen valinta alihankintaan ja tarkkuuskoneistukseen<\/p>\n<p>Kone toimitetaan IEMCA-tangonsy\u00f6tt\u00f6laitteella.<\/p>\n<p>Pyyd\u00e4 tarjous kuljetuksella.<br \/>\nTarkista kaikki tekniset tiedot myyj\u00e4lt\u00e4.<\/p>\n","protected":false},"excerpt":{"rendered":"<p>CNC-SORVI GTS-150<\/p>\n<p>Myyd\u00e4\u00e4n GTS-150 CNC-sorvi, kompakti mutta suorituskykyinen kone tarkkoihin ja tehokkaisiin sorvaust\u00f6ihin. J\u00e4yk\u00e4n rakenteen, suuren karanopeuden ja luotettavan FANUC-ohjauksen ansiosta kone soveltuu erinomaisesti monipuoliseen konepaja- ja alihankintak\u00e4ytt\u00f6\u00f6n.<\/p>\n","protected":false},"featured_media":1224,"template":"","meta":[],"product_brand":[70],"product_cat":[40,51],"product_tag":[],"class_list":{"0":"post-1223","1":"product","2":"type-product","3":"status-publish","4":"has-post-thumbnail","6":"product_brand-goodway","7":"product_cat-metallintyostokoneet-ja-tyostokoneet","8":"product_cat-sorvit","10":"first","11":"instock","12":"shipping-taxable","13":"purchasable","14":"product-type-simple"},"yoast_head":"<!-- This site is optimized with the Yoast SEO plugin v27.5 - https:\/\/yoast.com\/product\/yoast-seo-wordpress\/ -->\n<title>Goodway GTS-150 - Venevo Oy<\/title>\n<meta name=\"robots\" content=\"index, follow, max-snippet:-1, max-image-preview:large, max-video-preview:-1\" \/>\n<link rel=\"canonical\" href=\"https:\/\/venevo.fi\/en\/tuote\/goodway-gts-150\/\" \/>\n<meta property=\"og:locale\" content=\"en_US\" \/>\n<meta property=\"og:type\" content=\"article\" \/>\n<meta property=\"og:title\" content=\"Goodway GTS-150 - Venevo Oy\" \/>\n<meta property=\"og:description\" content=\"CNC-SORVI GTS-150  Myyd\u00e4\u00e4n GTS-150 CNC-sorvi, kompakti mutta suorituskykyinen kone tarkkoihin ja tehokkaisiin sorvaust\u00f6ihin. J\u00e4yk\u00e4n rakenteen, suuren karanopeuden ja luotettavan FANUC-ohjauksen ansiosta kone soveltuu erinomaisesti monipuoliseen konepaja- ja alihankintak\u00e4ytt\u00f6\u00f6n.\" \/>\n<meta property=\"og:url\" content=\"https:\/\/venevo.fi\/en\/tuote\/goodway-gts-150\/\" \/>\n<meta property=\"og:site_name\" content=\"Venevo Oy\" \/>\n<meta property=\"og:image\" content=\"https:\/\/venevo.fi\/wp-content\/uploads\/2026\/04\/20757417-01.jpg\" \/>\n\t<meta property=\"og:image:width\" content=\"640\" \/>\n\t<meta property=\"og:image:height\" content=\"480\" \/>\n\t<meta property=\"og:image:type\" content=\"image\/jpeg\" \/>\n<meta name=\"twitter:card\" content=\"summary_large_image\" \/>\n<meta name=\"twitter:label1\" content=\"Est. reading time\" \/>\n\t<meta name=\"twitter:data1\" content=\"1 minute\" \/>\n<script type=\"application\/ld+json\" class=\"yoast-schema-graph\">{\"@context\":\"https:\\\/\\\/schema.org\",\"@graph\":[{\"@type\":\"WebPage\",\"@id\":\"https:\\\/\\\/venevo.fi\\\/en\\\/tuote\\\/goodway-gts-150\\\/\",\"url\":\"https:\\\/\\\/venevo.fi\\\/en\\\/tuote\\\/goodway-gts-150\\\/\",\"name\":\"Goodway GTS-150 - Venevo Oy\",\"isPartOf\":{\"@id\":\"https:\\\/\\\/venevo.fi\\\/en\\\/#website\"},\"primaryImageOfPage\":{\"@id\":\"https:\\\/\\\/venevo.fi\\\/en\\\/tuote\\\/goodway-gts-150\\\/#primaryimage\"},\"image\":{\"@id\":\"https:\\\/\\\/venevo.fi\\\/en\\\/tuote\\\/goodway-gts-150\\\/#primaryimage\"},\"thumbnailUrl\":\"https:\\\/\\\/venevo.fi\\\/wp-content\\\/uploads\\\/2026\\\/04\\\/20757417-01.jpg\",\"datePublished\":\"2026-04-29T11:08:55+00:00\",\"breadcrumb\":{\"@id\":\"https:\\\/\\\/venevo.fi\\\/en\\\/tuote\\\/goodway-gts-150\\\/#breadcrumb\"},\"inLanguage\":\"en-US\",\"potentialAction\":[{\"@type\":\"ReadAction\",\"target\":[\"https:\\\/\\\/venevo.fi\\\/en\\\/tuote\\\/goodway-gts-150\\\/\"]}]},{\"@type\":\"ImageObject\",\"inLanguage\":\"en-US\",\"@id\":\"https:\\\/\\\/venevo.fi\\\/en\\\/tuote\\\/goodway-gts-150\\\/#primaryimage\",\"url\":\"https:\\\/\\\/venevo.fi\\\/wp-content\\\/uploads\\\/2026\\\/04\\\/20757417-01.jpg\",\"contentUrl\":\"https:\\\/\\\/venevo.fi\\\/wp-content\\\/uploads\\\/2026\\\/04\\\/20757417-01.jpg\",\"width\":640,\"height\":480},{\"@type\":\"BreadcrumbList\",\"@id\":\"https:\\\/\\\/venevo.fi\\\/en\\\/tuote\\\/goodway-gts-150\\\/#breadcrumb\",\"itemListElement\":[{\"@type\":\"ListItem\",\"position\":1,\"name\":\"Etusivu\",\"item\":\"https:\\\/\\\/venevo.fi\\\/en\\\/home\\\/\"},{\"@type\":\"ListItem\",\"position\":2,\"name\":\"Tuotteet\",\"item\":\"https:\\\/\\\/venevo.fi\\\/tuotteet\\\/\"},{\"@type\":\"ListItem\",\"position\":3,\"name\":\"Goodway GTS-150\"}]},{\"@type\":\"WebSite\",\"@id\":\"https:\\\/\\\/venevo.fi\\\/en\\\/#website\",\"url\":\"https:\\\/\\\/venevo.fi\\\/en\\\/\",\"name\":\"Venevo Tmi\",\"description\":\"Kotimainen koneiden ja laitteiden myynnin asiantuntija\",\"publisher\":{\"@id\":\"https:\\\/\\\/venevo.fi\\\/en\\\/#organization\"},\"potentialAction\":[{\"@type\":\"SearchAction\",\"target\":{\"@type\":\"EntryPoint\",\"urlTemplate\":\"https:\\\/\\\/venevo.fi\\\/en\\\/?s={search_term_string}\"},\"query-input\":{\"@type\":\"PropertyValueSpecification\",\"valueRequired\":true,\"valueName\":\"search_term_string\"}}],\"inLanguage\":\"en-US\"},{\"@type\":\"Organization\",\"@id\":\"https:\\\/\\\/venevo.fi\\\/en\\\/#organization\",\"name\":\"Venevo Tmi\",\"url\":\"https:\\\/\\\/venevo.fi\\\/en\\\/\",\"logo\":{\"@type\":\"ImageObject\",\"inLanguage\":\"en-US\",\"@id\":\"https:\\\/\\\/venevo.fi\\\/en\\\/#\\\/schema\\\/logo\\\/image\\\/\",\"url\":\"https:\\\/\\\/venevo.fi\\\/wp-content\\\/uploads\\\/2022\\\/02\\\/logo-venevo.jpg\",\"contentUrl\":\"https:\\\/\\\/venevo.fi\\\/wp-content\\\/uploads\\\/2022\\\/02\\\/logo-venevo.jpg\",\"width\":778,\"height\":111,\"caption\":\"Venevo Tmi\"},\"image\":{\"@id\":\"https:\\\/\\\/venevo.fi\\\/en\\\/#\\\/schema\\\/logo\\\/image\\\/\"}}]}<\/script>\n<!-- \/ Yoast SEO plugin. -->","yoast_head_json":{"title":"Goodway GTS-150 - Venevo Oy","robots":{"index":"index","follow":"follow","max-snippet":"max-snippet:-1","max-image-preview":"max-image-preview:large","max-video-preview":"max-video-preview:-1"},"canonical":"https:\/\/venevo.fi\/en\/tuote\/goodway-gts-150\/","og_locale":"en_US","og_type":"article","og_title":"Goodway GTS-150 - Venevo Oy","og_description":"CNC-SORVI GTS-150  Myyd\u00e4\u00e4n GTS-150 CNC-sorvi, kompakti mutta suorituskykyinen kone tarkkoihin ja tehokkaisiin sorvaust\u00f6ihin. J\u00e4yk\u00e4n rakenteen, suuren karanopeuden ja luotettavan FANUC-ohjauksen ansiosta kone soveltuu erinomaisesti monipuoliseen konepaja- ja alihankintak\u00e4ytt\u00f6\u00f6n.","og_url":"https:\/\/venevo.fi\/en\/tuote\/goodway-gts-150\/","og_site_name":"Venevo Oy","og_image":[{"width":640,"height":480,"url":"https:\/\/venevo.fi\/wp-content\/uploads\/2026\/04\/20757417-01.jpg","type":"image\/jpeg"}],"twitter_card":"summary_large_image","twitter_misc":{"Est. reading time":"1 minute"},"schema":{"@context":"https:\/\/schema.org","@graph":[{"@type":"WebPage","@id":"https:\/\/venevo.fi\/en\/tuote\/goodway-gts-150\/","url":"https:\/\/venevo.fi\/en\/tuote\/goodway-gts-150\/","name":"Goodway GTS-150 - Venevo Oy","isPartOf":{"@id":"https:\/\/venevo.fi\/en\/#website"},"primaryImageOfPage":{"@id":"https:\/\/venevo.fi\/en\/tuote\/goodway-gts-150\/#primaryimage"},"image":{"@id":"https:\/\/venevo.fi\/en\/tuote\/goodway-gts-150\/#primaryimage"},"thumbnailUrl":"https:\/\/venevo.fi\/wp-content\/uploads\/2026\/04\/20757417-01.jpg","datePublished":"2026-04-29T11:08:55+00:00","breadcrumb":{"@id":"https:\/\/venevo.fi\/en\/tuote\/goodway-gts-150\/#breadcrumb"},"inLanguage":"en-US","potentialAction":[{"@type":"ReadAction","target":["https:\/\/venevo.fi\/en\/tuote\/goodway-gts-150\/"]}]},{"@type":"ImageObject","inLanguage":"en-US","@id":"https:\/\/venevo.fi\/en\/tuote\/goodway-gts-150\/#primaryimage","url":"https:\/\/venevo.fi\/wp-content\/uploads\/2026\/04\/20757417-01.jpg","contentUrl":"https:\/\/venevo.fi\/wp-content\/uploads\/2026\/04\/20757417-01.jpg","width":640,"height":480},{"@type":"BreadcrumbList","@id":"https:\/\/venevo.fi\/en\/tuote\/goodway-gts-150\/#breadcrumb","itemListElement":[{"@type":"ListItem","position":1,"name":"Etusivu","item":"https:\/\/venevo.fi\/en\/home\/"},{"@type":"ListItem","position":2,"name":"Tuotteet","item":"https:\/\/venevo.fi\/tuotteet\/"},{"@type":"ListItem","position":3,"name":"Goodway GTS-150"}]},{"@type":"WebSite","@id":"https:\/\/venevo.fi\/en\/#website","url":"https:\/\/venevo.fi\/en\/","name":"Venevo Tmi","description":"Kotimainen koneiden ja laitteiden myynnin asiantuntija","publisher":{"@id":"https:\/\/venevo.fi\/en\/#organization"},"potentialAction":[{"@type":"SearchAction","target":{"@type":"EntryPoint","urlTemplate":"https:\/\/venevo.fi\/en\/?s={search_term_string}"},"query-input":{"@type":"PropertyValueSpecification","valueRequired":true,"valueName":"search_term_string"}}],"inLanguage":"en-US"},{"@type":"Organization","@id":"https:\/\/venevo.fi\/en\/#organization","name":"Venevo Tmi","url":"https:\/\/venevo.fi\/en\/","logo":{"@type":"ImageObject","inLanguage":"en-US","@id":"https:\/\/venevo.fi\/en\/#\/schema\/logo\/image\/","url":"https:\/\/venevo.fi\/wp-content\/uploads\/2022\/02\/logo-venevo.jpg","contentUrl":"https:\/\/venevo.fi\/wp-content\/uploads\/2022\/02\/logo-venevo.jpg","width":778,"height":111,"caption":"Venevo Tmi"},"image":{"@id":"https:\/\/venevo.fi\/en\/#\/schema\/logo\/image\/"}}]}},"_links":{"self":[{"href":"https:\/\/venevo.fi\/en\/wp-json\/wp\/v2\/product\/1223","targetHints":{"allow":["GET"]}}],"collection":[{"href":"https:\/\/venevo.fi\/en\/wp-json\/wp\/v2\/product"}],"about":[{"href":"https:\/\/venevo.fi\/en\/wp-json\/wp\/v2\/types\/product"}],"wp:featuredmedia":[{"embeddable":true,"href":"https:\/\/venevo.fi\/en\/wp-json\/wp\/v2\/media\/1224"}],"wp:attachment":[{"href":"https:\/\/venevo.fi\/en\/wp-json\/wp\/v2\/media?parent=1223"}],"wp:term":[{"taxonomy":"product_brand","embeddable":true,"href":"https:\/\/venevo.fi\/en\/wp-json\/wp\/v2\/product_brand?post=1223"},{"taxonomy":"product_cat","embeddable":true,"href":"https:\/\/venevo.fi\/en\/wp-json\/wp\/v2\/product_cat?post=1223"},{"taxonomy":"product_tag","embeddable":true,"href":"https:\/\/venevo.fi\/en\/wp-json\/wp\/v2\/product_tag?post=1223"}],"curies":[{"name":"wp","href":"https:\/\/api.w.org\/{rel}","templated":true}]}}