{"id":1208,"date":"2026-04-29T13:54:42","date_gmt":"2026-04-29T10:54:42","guid":{"rendered":"https:\/\/venevo.fi\/?post_type=product&#038;p=1208"},"modified":"2026-04-29T13:55:43","modified_gmt":"2026-04-29T10:55:43","slug":"goodway-gcl-2l","status":"publish","type":"product","link":"https:\/\/venevo.fi\/en\/tuote\/goodway-gcl-2l\/","title":{"rendered":"Goodway GCL-2L"},"content":{"rendered":"<p>Tekniset tiedot:<\/p>\n<p>Sorvauspituus: 600 mm<br \/>\nMaks. sorvaushalkaisija: \u00d8230 mm<br \/>\nPgedbl Iusx Hr T Ajbcek<br \/>\nK\u00e4rkiv\u00e4li s\u00e4ngyn p\u00e4\u00e4ll\u00e4: \u00d8400 mm<br \/>\nK\u00e4rkiv\u00e4li poikittaiskelkan p\u00e4\u00e4ll\u00e4: \u00d8280 mm<br \/>\nKeskien v\u00e4linen et\u00e4isyys: 462 mm<br \/>\nCNC-ohjaus: FANUC OT<br \/>\nX-akselin liike: 125 mm<br \/>\nZ-akselin liike: 340 mm<br \/>\nKaran l\u00e4pimitta: 52 mm<br \/>\nMaks. kierrosluku: 4500 rpm<br \/>\nKaran moottorin teho: 15 kW<br \/>\nRevolverip\u00e4it\u00e4: 1<br \/>\nTy\u00f6kalupaikkoja revolverissa: 8<br \/>\nPy\u00f6riv\u00e4t ty\u00f6kalut: 6<br \/>\nP\u00e4\u00e4tyk\u00e4rki: Ei<br \/>\nTangonsy\u00f6tt\u00f6laite: Ei<br \/>\nKoneen mitat (P \u00d7 L \u00d7 K): 2100 \u00d7 1300 \u00d7 1700 mm<br \/>\nKoneen paino: n. 3500 kg<\/p>\n<p>Yleist\u00e4:<\/p>\n<p>Raskaaseen k\u00e4ytt\u00f6\u00f6n soveltuva, vakaa rakenne<br \/>\nTodistetusti laadukas Goodway-laatu<br \/>\nLuotettava FANUC-ohjausj\u00e4rjestelm\u00e4<br \/>\nSopii alihankintak\u00e4ytt\u00f6\u00f6n ja konepajoihin<br \/>\nIhanteellinen sek\u00e4 yksitt\u00e4iskappaleiden ett\u00e4 pienien sarjojen tuotantoon<\/p>\n<p>Kauppaan kuuluu tangonsy\u00f6tt\u00f6laite.<\/p>\n<p>Pyyd\u00e4 tarjous sis\u00e4lt\u00e4en kuljetuksen.<\/p>\n<p>Tarkista kaikki tekniset tiedot myyj\u00e4lt\u00e4.<\/p>\n","protected":false},"excerpt":{"rendered":"<p>CNC-SORVI GOODWAY GCL-2L (1997)<\/p>\n<p>Myyd\u00e4\u00e4n Goodway GCL-2L CNC-sorvi, vuosimalli 1997. Vankka ja luotettava sorvauskeskus, joka soveltuu erinomaisesti yleiskoneistukseen, alihankintaan sek\u00e4 pienten ja keskisuurten sarjojen valmistukseen. Varustettu FANUC OT -ohjauksella, joka takaa luotettavan suorituskyvyn ja helpon k\u00e4ytett\u00e4vyyden.<\/p>\n","protected":false},"featured_media":1209,"template":"","meta":[],"product_brand":[70],"product_cat":[40,51],"product_tag":[],"class_list":{"0":"post-1208","1":"product","2":"type-product","3":"status-publish","4":"has-post-thumbnail","6":"product_brand-goodway","7":"product_cat-metallintyostokoneet-ja-tyostokoneet","8":"product_cat-sorvit","10":"first","11":"instock","12":"shipping-taxable","13":"purchasable","14":"product-type-simple"},"yoast_head":"<!-- This site is optimized with the Yoast SEO plugin v27.5 - https:\/\/yoast.com\/product\/yoast-seo-wordpress\/ -->\n<title>Goodway GCL-2L - Venevo Oy<\/title>\n<meta name=\"robots\" content=\"index, follow, max-snippet:-1, max-image-preview:large, max-video-preview:-1\" \/>\n<link rel=\"canonical\" href=\"https:\/\/venevo.fi\/en\/tuote\/goodway-gcl-2l\/\" \/>\n<meta property=\"og:locale\" content=\"en_US\" \/>\n<meta property=\"og:type\" content=\"article\" \/>\n<meta property=\"og:title\" content=\"Goodway GCL-2L - Venevo Oy\" \/>\n<meta property=\"og:description\" content=\"CNC-SORVI GOODWAY GCL-2L (1997)  Myyd\u00e4\u00e4n Goodway GCL-2L CNC-sorvi, vuosimalli 1997. Vankka ja luotettava sorvauskeskus, joka soveltuu erinomaisesti yleiskoneistukseen, alihankintaan sek\u00e4 pienten ja keskisuurten sarjojen valmistukseen. Varustettu FANUC OT -ohjauksella, joka takaa luotettavan suorituskyvyn ja helpon k\u00e4ytett\u00e4vyyden.\" \/>\n<meta property=\"og:url\" content=\"https:\/\/venevo.fi\/en\/tuote\/goodway-gcl-2l\/\" \/>\n<meta property=\"og:site_name\" content=\"Venevo Oy\" \/>\n<meta property=\"article:modified_time\" content=\"2026-04-29T10:55:43+00:00\" \/>\n<meta property=\"og:image\" content=\"https:\/\/venevo.fi\/wp-content\/uploads\/2026\/04\/20757462-01.jpg\" \/>\n\t<meta property=\"og:image:width\" content=\"640\" \/>\n\t<meta property=\"og:image:height\" content=\"480\" \/>\n\t<meta property=\"og:image:type\" content=\"image\/jpeg\" \/>\n<meta name=\"twitter:card\" content=\"summary_large_image\" \/>\n<meta name=\"twitter:label1\" content=\"Est. reading time\" \/>\n\t<meta name=\"twitter:data1\" content=\"1 minute\" \/>\n<script type=\"application\/ld+json\" class=\"yoast-schema-graph\">{\"@context\":\"https:\\\/\\\/schema.org\",\"@graph\":[{\"@type\":\"WebPage\",\"@id\":\"https:\\\/\\\/venevo.fi\\\/en\\\/tuote\\\/goodway-gcl-2l\\\/\",\"url\":\"https:\\\/\\\/venevo.fi\\\/en\\\/tuote\\\/goodway-gcl-2l\\\/\",\"name\":\"Goodway GCL-2L - Venevo Oy\",\"isPartOf\":{\"@id\":\"https:\\\/\\\/venevo.fi\\\/en\\\/#website\"},\"primaryImageOfPage\":{\"@id\":\"https:\\\/\\\/venevo.fi\\\/en\\\/tuote\\\/goodway-gcl-2l\\\/#primaryimage\"},\"image\":{\"@id\":\"https:\\\/\\\/venevo.fi\\\/en\\\/tuote\\\/goodway-gcl-2l\\\/#primaryimage\"},\"thumbnailUrl\":\"https:\\\/\\\/venevo.fi\\\/wp-content\\\/uploads\\\/2026\\\/04\\\/20757462-01.jpg\",\"datePublished\":\"2026-04-29T10:54:42+00:00\",\"dateModified\":\"2026-04-29T10:55:43+00:00\",\"breadcrumb\":{\"@id\":\"https:\\\/\\\/venevo.fi\\\/en\\\/tuote\\\/goodway-gcl-2l\\\/#breadcrumb\"},\"inLanguage\":\"en-US\",\"potentialAction\":[{\"@type\":\"ReadAction\",\"target\":[\"https:\\\/\\\/venevo.fi\\\/en\\\/tuote\\\/goodway-gcl-2l\\\/\"]}]},{\"@type\":\"ImageObject\",\"inLanguage\":\"en-US\",\"@id\":\"https:\\\/\\\/venevo.fi\\\/en\\\/tuote\\\/goodway-gcl-2l\\\/#primaryimage\",\"url\":\"https:\\\/\\\/venevo.fi\\\/wp-content\\\/uploads\\\/2026\\\/04\\\/20757462-01.jpg\",\"contentUrl\":\"https:\\\/\\\/venevo.fi\\\/wp-content\\\/uploads\\\/2026\\\/04\\\/20757462-01.jpg\",\"width\":640,\"height\":480},{\"@type\":\"BreadcrumbList\",\"@id\":\"https:\\\/\\\/venevo.fi\\\/en\\\/tuote\\\/goodway-gcl-2l\\\/#breadcrumb\",\"itemListElement\":[{\"@type\":\"ListItem\",\"position\":1,\"name\":\"Etusivu\",\"item\":\"https:\\\/\\\/venevo.fi\\\/en\\\/home\\\/\"},{\"@type\":\"ListItem\",\"position\":2,\"name\":\"Tuotteet\",\"item\":\"https:\\\/\\\/venevo.fi\\\/tuotteet\\\/\"},{\"@type\":\"ListItem\",\"position\":3,\"name\":\"Goodway GCL-2L\"}]},{\"@type\":\"WebSite\",\"@id\":\"https:\\\/\\\/venevo.fi\\\/en\\\/#website\",\"url\":\"https:\\\/\\\/venevo.fi\\\/en\\\/\",\"name\":\"Venevo Tmi\",\"description\":\"Kotimainen koneiden ja laitteiden myynnin asiantuntija\",\"publisher\":{\"@id\":\"https:\\\/\\\/venevo.fi\\\/en\\\/#organization\"},\"potentialAction\":[{\"@type\":\"SearchAction\",\"target\":{\"@type\":\"EntryPoint\",\"urlTemplate\":\"https:\\\/\\\/venevo.fi\\\/en\\\/?s={search_term_string}\"},\"query-input\":{\"@type\":\"PropertyValueSpecification\",\"valueRequired\":true,\"valueName\":\"search_term_string\"}}],\"inLanguage\":\"en-US\"},{\"@type\":\"Organization\",\"@id\":\"https:\\\/\\\/venevo.fi\\\/en\\\/#organization\",\"name\":\"Venevo Tmi\",\"url\":\"https:\\\/\\\/venevo.fi\\\/en\\\/\",\"logo\":{\"@type\":\"ImageObject\",\"inLanguage\":\"en-US\",\"@id\":\"https:\\\/\\\/venevo.fi\\\/en\\\/#\\\/schema\\\/logo\\\/image\\\/\",\"url\":\"https:\\\/\\\/venevo.fi\\\/wp-content\\\/uploads\\\/2022\\\/02\\\/logo-venevo.jpg\",\"contentUrl\":\"https:\\\/\\\/venevo.fi\\\/wp-content\\\/uploads\\\/2022\\\/02\\\/logo-venevo.jpg\",\"width\":778,\"height\":111,\"caption\":\"Venevo Tmi\"},\"image\":{\"@id\":\"https:\\\/\\\/venevo.fi\\\/en\\\/#\\\/schema\\\/logo\\\/image\\\/\"}}]}<\/script>\n<!-- \/ Yoast SEO plugin. -->","yoast_head_json":{"title":"Goodway GCL-2L - Venevo Oy","robots":{"index":"index","follow":"follow","max-snippet":"max-snippet:-1","max-image-preview":"max-image-preview:large","max-video-preview":"max-video-preview:-1"},"canonical":"https:\/\/venevo.fi\/en\/tuote\/goodway-gcl-2l\/","og_locale":"en_US","og_type":"article","og_title":"Goodway GCL-2L - Venevo Oy","og_description":"CNC-SORVI GOODWAY GCL-2L (1997)  Myyd\u00e4\u00e4n Goodway GCL-2L CNC-sorvi, vuosimalli 1997. Vankka ja luotettava sorvauskeskus, joka soveltuu erinomaisesti yleiskoneistukseen, alihankintaan sek\u00e4 pienten ja keskisuurten sarjojen valmistukseen. Varustettu FANUC OT -ohjauksella, joka takaa luotettavan suorituskyvyn ja helpon k\u00e4ytett\u00e4vyyden.","og_url":"https:\/\/venevo.fi\/en\/tuote\/goodway-gcl-2l\/","og_site_name":"Venevo Oy","article_modified_time":"2026-04-29T10:55:43+00:00","og_image":[{"width":640,"height":480,"url":"https:\/\/venevo.fi\/wp-content\/uploads\/2026\/04\/20757462-01.jpg","type":"image\/jpeg"}],"twitter_card":"summary_large_image","twitter_misc":{"Est. reading time":"1 minute"},"schema":{"@context":"https:\/\/schema.org","@graph":[{"@type":"WebPage","@id":"https:\/\/venevo.fi\/en\/tuote\/goodway-gcl-2l\/","url":"https:\/\/venevo.fi\/en\/tuote\/goodway-gcl-2l\/","name":"Goodway GCL-2L - Venevo Oy","isPartOf":{"@id":"https:\/\/venevo.fi\/en\/#website"},"primaryImageOfPage":{"@id":"https:\/\/venevo.fi\/en\/tuote\/goodway-gcl-2l\/#primaryimage"},"image":{"@id":"https:\/\/venevo.fi\/en\/tuote\/goodway-gcl-2l\/#primaryimage"},"thumbnailUrl":"https:\/\/venevo.fi\/wp-content\/uploads\/2026\/04\/20757462-01.jpg","datePublished":"2026-04-29T10:54:42+00:00","dateModified":"2026-04-29T10:55:43+00:00","breadcrumb":{"@id":"https:\/\/venevo.fi\/en\/tuote\/goodway-gcl-2l\/#breadcrumb"},"inLanguage":"en-US","potentialAction":[{"@type":"ReadAction","target":["https:\/\/venevo.fi\/en\/tuote\/goodway-gcl-2l\/"]}]},{"@type":"ImageObject","inLanguage":"en-US","@id":"https:\/\/venevo.fi\/en\/tuote\/goodway-gcl-2l\/#primaryimage","url":"https:\/\/venevo.fi\/wp-content\/uploads\/2026\/04\/20757462-01.jpg","contentUrl":"https:\/\/venevo.fi\/wp-content\/uploads\/2026\/04\/20757462-01.jpg","width":640,"height":480},{"@type":"BreadcrumbList","@id":"https:\/\/venevo.fi\/en\/tuote\/goodway-gcl-2l\/#breadcrumb","itemListElement":[{"@type":"ListItem","position":1,"name":"Etusivu","item":"https:\/\/venevo.fi\/en\/home\/"},{"@type":"ListItem","position":2,"name":"Tuotteet","item":"https:\/\/venevo.fi\/tuotteet\/"},{"@type":"ListItem","position":3,"name":"Goodway GCL-2L"}]},{"@type":"WebSite","@id":"https:\/\/venevo.fi\/en\/#website","url":"https:\/\/venevo.fi\/en\/","name":"Venevo Tmi","description":"Kotimainen koneiden ja laitteiden myynnin asiantuntija","publisher":{"@id":"https:\/\/venevo.fi\/en\/#organization"},"potentialAction":[{"@type":"SearchAction","target":{"@type":"EntryPoint","urlTemplate":"https:\/\/venevo.fi\/en\/?s={search_term_string}"},"query-input":{"@type":"PropertyValueSpecification","valueRequired":true,"valueName":"search_term_string"}}],"inLanguage":"en-US"},{"@type":"Organization","@id":"https:\/\/venevo.fi\/en\/#organization","name":"Venevo Tmi","url":"https:\/\/venevo.fi\/en\/","logo":{"@type":"ImageObject","inLanguage":"en-US","@id":"https:\/\/venevo.fi\/en\/#\/schema\/logo\/image\/","url":"https:\/\/venevo.fi\/wp-content\/uploads\/2022\/02\/logo-venevo.jpg","contentUrl":"https:\/\/venevo.fi\/wp-content\/uploads\/2022\/02\/logo-venevo.jpg","width":778,"height":111,"caption":"Venevo Tmi"},"image":{"@id":"https:\/\/venevo.fi\/en\/#\/schema\/logo\/image\/"}}]}},"_links":{"self":[{"href":"https:\/\/venevo.fi\/en\/wp-json\/wp\/v2\/product\/1208","targetHints":{"allow":["GET"]}}],"collection":[{"href":"https:\/\/venevo.fi\/en\/wp-json\/wp\/v2\/product"}],"about":[{"href":"https:\/\/venevo.fi\/en\/wp-json\/wp\/v2\/types\/product"}],"wp:featuredmedia":[{"embeddable":true,"href":"https:\/\/venevo.fi\/en\/wp-json\/wp\/v2\/media\/1209"}],"wp:attachment":[{"href":"https:\/\/venevo.fi\/en\/wp-json\/wp\/v2\/media?parent=1208"}],"wp:term":[{"taxonomy":"product_brand","embeddable":true,"href":"https:\/\/venevo.fi\/en\/wp-json\/wp\/v2\/product_brand?post=1208"},{"taxonomy":"product_cat","embeddable":true,"href":"https:\/\/venevo.fi\/en\/wp-json\/wp\/v2\/product_cat?post=1208"},{"taxonomy":"product_tag","embeddable":true,"href":"https:\/\/venevo.fi\/en\/wp-json\/wp\/v2\/product_tag?post=1208"}],"curies":[{"name":"wp","href":"https:\/\/api.w.org\/{rel}","templated":true}]}}