{"id":1096,"date":"2026-04-29T13:08:19","date_gmt":"2026-04-29T10:08:19","guid":{"rendered":"https:\/\/venevo.fi\/?post_type=product&#038;p=1096"},"modified":"2026-04-29T13:08:19","modified_gmt":"2026-04-29T10:08:19","slug":"trumpf-3030-l20","status":"publish","type":"product","link":"https:\/\/venevo.fi\/en\/tuote\/trumpf-3030-l20\/","title":{"rendered":"TRUMPF 3030 L20"},"content":{"rendered":"<p>Keskeiset tekniset tiedot:<\/p>\n<p>Teho: 4000 W<br \/>\nPedbl Ioyluv Asubcjgk<\/p>\n<p>Enimm\u00e4isty\u00f6skentelyalue: 3000 x 1500 mm<\/p>\n<p>Asetustarkkuus: 0,03 mm\/m<\/p>\n<p>Akselin nopeudet: Jopa 140 m\/min (samanaikaisesti)<\/p>\n<p>Leikkausnopeudet: 0,8 \u2013 26 m\/min<\/p>\n<p>Materiaalikapasiteetit:<\/p>\n<p>Mustater\u00e4s: Jopa 20 mm<br \/>\nRuostumaton ter\u00e4s: Jopa 15 mm<br \/>\nAlumiini: Jopa 10 mm<\/p>\n<p>Erikoisominaisuudet:<br \/>\nVarustettu avoimella lastaus- ja purkuasemalla, joka mahdollistaa nopean siirtymisen eri levykokojen v\u00e4lill\u00e4 ja lis\u00e4\u00e4 merkitt\u00e4v\u00e4sti tuotannon joustavuutta. Konetta on huollettu korkeatasoisessa tuotantoymp\u00e4rist\u00f6ss\u00e4, ja sen vuotuinen dokumentoitu l\u00e4p\u00e4isykyky on 800 tonnia.<\/p>\n","protected":false},"excerpt":{"rendered":"<p>MYYNNISS\u00c4: TRUMPF TruLaser 3030 L20 (4000 W) \u2013 Tarkkuutta ja Joustavuutta<br \/>\nTarjolla on luotettava TRUMPF TruLaser 3030 L20 -laserleikkauskone vuodelta 2013. T\u00e4m\u00e4 malli tunnetaan nopeuden ja tarkkuuden tasapainosta, mik\u00e4 tekee siit\u00e4 erinomaisen vaihtoehdon monipuolisiin tuotantoymp\u00e4rist\u00f6ihin.<\/p>\n","protected":false},"featured_media":1097,"template":"","meta":[],"product_brand":[64],"product_cat":[65,66,40],"product_tag":[],"class_list":{"0":"post-1096","1":"product","2":"type-product","3":"status-publish","4":"has-post-thumbnail","6":"product_brand-trumpf","7":"product_cat-hitsaus-ja-leikkaus","8":"product_cat-laserleikkauskoneet","9":"product_cat-metallintyostokoneet-ja-tyostokoneet","11":"first","12":"instock","13":"shipping-taxable","14":"product-type-simple"},"yoast_head":"<!-- This site is optimized with the Yoast SEO plugin v27.5 - https:\/\/yoast.com\/product\/yoast-seo-wordpress\/ -->\n<title>TRUMPF 3030 L20 - Venevo Oy<\/title>\n<meta name=\"robots\" content=\"index, follow, max-snippet:-1, max-image-preview:large, max-video-preview:-1\" \/>\n<link rel=\"canonical\" href=\"https:\/\/venevo.fi\/en\/tuote\/trumpf-3030-l20\/\" \/>\n<meta property=\"og:locale\" content=\"en_US\" \/>\n<meta property=\"og:type\" content=\"article\" \/>\n<meta property=\"og:title\" content=\"TRUMPF 3030 L20 - Venevo Oy\" \/>\n<meta property=\"og:description\" content=\"MYYNNISS\u00c4: TRUMPF TruLaser 3030 L20 (4000 W) \u2013 Tarkkuutta ja Joustavuutta Tarjolla on luotettava TRUMPF TruLaser 3030 L20 -laserleikkauskone vuodelta 2013. T\u00e4m\u00e4 malli tunnetaan nopeuden ja tarkkuuden tasapainosta, mik\u00e4 tekee siit\u00e4 erinomaisen vaihtoehdon monipuolisiin tuotantoymp\u00e4rist\u00f6ihin.\" \/>\n<meta property=\"og:url\" content=\"https:\/\/venevo.fi\/en\/tuote\/trumpf-3030-l20\/\" \/>\n<meta property=\"og:site_name\" content=\"Venevo Oy\" \/>\n<meta property=\"og:image\" content=\"https:\/\/venevo.fi\/wp-content\/uploads\/2026\/04\/21283382-01.jpg\" \/>\n\t<meta property=\"og:image:width\" content=\"640\" \/>\n\t<meta property=\"og:image:height\" content=\"480\" \/>\n\t<meta property=\"og:image:type\" content=\"image\/jpeg\" \/>\n<meta name=\"twitter:card\" content=\"summary_large_image\" \/>\n<meta name=\"twitter:label1\" content=\"Est. reading time\" \/>\n\t<meta name=\"twitter:data1\" content=\"1 minute\" \/>\n<script type=\"application\/ld+json\" class=\"yoast-schema-graph\">{\"@context\":\"https:\\\/\\\/schema.org\",\"@graph\":[{\"@type\":\"WebPage\",\"@id\":\"https:\\\/\\\/venevo.fi\\\/en\\\/tuote\\\/trumpf-3030-l20\\\/\",\"url\":\"https:\\\/\\\/venevo.fi\\\/en\\\/tuote\\\/trumpf-3030-l20\\\/\",\"name\":\"TRUMPF 3030 L20 - Venevo Oy\",\"isPartOf\":{\"@id\":\"https:\\\/\\\/venevo.fi\\\/en\\\/#website\"},\"primaryImageOfPage\":{\"@id\":\"https:\\\/\\\/venevo.fi\\\/en\\\/tuote\\\/trumpf-3030-l20\\\/#primaryimage\"},\"image\":{\"@id\":\"https:\\\/\\\/venevo.fi\\\/en\\\/tuote\\\/trumpf-3030-l20\\\/#primaryimage\"},\"thumbnailUrl\":\"https:\\\/\\\/venevo.fi\\\/wp-content\\\/uploads\\\/2026\\\/04\\\/21283382-01.jpg\",\"datePublished\":\"2026-04-29T10:08:19+00:00\",\"breadcrumb\":{\"@id\":\"https:\\\/\\\/venevo.fi\\\/en\\\/tuote\\\/trumpf-3030-l20\\\/#breadcrumb\"},\"inLanguage\":\"en-US\",\"potentialAction\":[{\"@type\":\"ReadAction\",\"target\":[\"https:\\\/\\\/venevo.fi\\\/en\\\/tuote\\\/trumpf-3030-l20\\\/\"]}]},{\"@type\":\"ImageObject\",\"inLanguage\":\"en-US\",\"@id\":\"https:\\\/\\\/venevo.fi\\\/en\\\/tuote\\\/trumpf-3030-l20\\\/#primaryimage\",\"url\":\"https:\\\/\\\/venevo.fi\\\/wp-content\\\/uploads\\\/2026\\\/04\\\/21283382-01.jpg\",\"contentUrl\":\"https:\\\/\\\/venevo.fi\\\/wp-content\\\/uploads\\\/2026\\\/04\\\/21283382-01.jpg\",\"width\":640,\"height\":480},{\"@type\":\"BreadcrumbList\",\"@id\":\"https:\\\/\\\/venevo.fi\\\/en\\\/tuote\\\/trumpf-3030-l20\\\/#breadcrumb\",\"itemListElement\":[{\"@type\":\"ListItem\",\"position\":1,\"name\":\"Etusivu\",\"item\":\"https:\\\/\\\/venevo.fi\\\/en\\\/home\\\/\"},{\"@type\":\"ListItem\",\"position\":2,\"name\":\"Tuotteet\",\"item\":\"https:\\\/\\\/venevo.fi\\\/tuotteet\\\/\"},{\"@type\":\"ListItem\",\"position\":3,\"name\":\"TRUMPF 3030 L20\"}]},{\"@type\":\"WebSite\",\"@id\":\"https:\\\/\\\/venevo.fi\\\/en\\\/#website\",\"url\":\"https:\\\/\\\/venevo.fi\\\/en\\\/\",\"name\":\"Venevo Tmi\",\"description\":\"Kotimainen koneiden ja laitteiden myynnin asiantuntija\",\"publisher\":{\"@id\":\"https:\\\/\\\/venevo.fi\\\/en\\\/#organization\"},\"potentialAction\":[{\"@type\":\"SearchAction\",\"target\":{\"@type\":\"EntryPoint\",\"urlTemplate\":\"https:\\\/\\\/venevo.fi\\\/en\\\/?s={search_term_string}\"},\"query-input\":{\"@type\":\"PropertyValueSpecification\",\"valueRequired\":true,\"valueName\":\"search_term_string\"}}],\"inLanguage\":\"en-US\"},{\"@type\":\"Organization\",\"@id\":\"https:\\\/\\\/venevo.fi\\\/en\\\/#organization\",\"name\":\"Venevo Tmi\",\"url\":\"https:\\\/\\\/venevo.fi\\\/en\\\/\",\"logo\":{\"@type\":\"ImageObject\",\"inLanguage\":\"en-US\",\"@id\":\"https:\\\/\\\/venevo.fi\\\/en\\\/#\\\/schema\\\/logo\\\/image\\\/\",\"url\":\"https:\\\/\\\/venevo.fi\\\/wp-content\\\/uploads\\\/2022\\\/02\\\/logo-venevo.jpg\",\"contentUrl\":\"https:\\\/\\\/venevo.fi\\\/wp-content\\\/uploads\\\/2022\\\/02\\\/logo-venevo.jpg\",\"width\":778,\"height\":111,\"caption\":\"Venevo Tmi\"},\"image\":{\"@id\":\"https:\\\/\\\/venevo.fi\\\/en\\\/#\\\/schema\\\/logo\\\/image\\\/\"}}]}<\/script>\n<!-- \/ Yoast SEO plugin. -->","yoast_head_json":{"title":"TRUMPF 3030 L20 - Venevo Oy","robots":{"index":"index","follow":"follow","max-snippet":"max-snippet:-1","max-image-preview":"max-image-preview:large","max-video-preview":"max-video-preview:-1"},"canonical":"https:\/\/venevo.fi\/en\/tuote\/trumpf-3030-l20\/","og_locale":"en_US","og_type":"article","og_title":"TRUMPF 3030 L20 - Venevo Oy","og_description":"MYYNNISS\u00c4: TRUMPF TruLaser 3030 L20 (4000 W) \u2013 Tarkkuutta ja Joustavuutta Tarjolla on luotettava TRUMPF TruLaser 3030 L20 -laserleikkauskone vuodelta 2013. T\u00e4m\u00e4 malli tunnetaan nopeuden ja tarkkuuden tasapainosta, mik\u00e4 tekee siit\u00e4 erinomaisen vaihtoehdon monipuolisiin tuotantoymp\u00e4rist\u00f6ihin.","og_url":"https:\/\/venevo.fi\/en\/tuote\/trumpf-3030-l20\/","og_site_name":"Venevo Oy","og_image":[{"width":640,"height":480,"url":"https:\/\/venevo.fi\/wp-content\/uploads\/2026\/04\/21283382-01.jpg","type":"image\/jpeg"}],"twitter_card":"summary_large_image","twitter_misc":{"Est. reading time":"1 minute"},"schema":{"@context":"https:\/\/schema.org","@graph":[{"@type":"WebPage","@id":"https:\/\/venevo.fi\/en\/tuote\/trumpf-3030-l20\/","url":"https:\/\/venevo.fi\/en\/tuote\/trumpf-3030-l20\/","name":"TRUMPF 3030 L20 - Venevo Oy","isPartOf":{"@id":"https:\/\/venevo.fi\/en\/#website"},"primaryImageOfPage":{"@id":"https:\/\/venevo.fi\/en\/tuote\/trumpf-3030-l20\/#primaryimage"},"image":{"@id":"https:\/\/venevo.fi\/en\/tuote\/trumpf-3030-l20\/#primaryimage"},"thumbnailUrl":"https:\/\/venevo.fi\/wp-content\/uploads\/2026\/04\/21283382-01.jpg","datePublished":"2026-04-29T10:08:19+00:00","breadcrumb":{"@id":"https:\/\/venevo.fi\/en\/tuote\/trumpf-3030-l20\/#breadcrumb"},"inLanguage":"en-US","potentialAction":[{"@type":"ReadAction","target":["https:\/\/venevo.fi\/en\/tuote\/trumpf-3030-l20\/"]}]},{"@type":"ImageObject","inLanguage":"en-US","@id":"https:\/\/venevo.fi\/en\/tuote\/trumpf-3030-l20\/#primaryimage","url":"https:\/\/venevo.fi\/wp-content\/uploads\/2026\/04\/21283382-01.jpg","contentUrl":"https:\/\/venevo.fi\/wp-content\/uploads\/2026\/04\/21283382-01.jpg","width":640,"height":480},{"@type":"BreadcrumbList","@id":"https:\/\/venevo.fi\/en\/tuote\/trumpf-3030-l20\/#breadcrumb","itemListElement":[{"@type":"ListItem","position":1,"name":"Etusivu","item":"https:\/\/venevo.fi\/en\/home\/"},{"@type":"ListItem","position":2,"name":"Tuotteet","item":"https:\/\/venevo.fi\/tuotteet\/"},{"@type":"ListItem","position":3,"name":"TRUMPF 3030 L20"}]},{"@type":"WebSite","@id":"https:\/\/venevo.fi\/en\/#website","url":"https:\/\/venevo.fi\/en\/","name":"Venevo Tmi","description":"Kotimainen koneiden ja laitteiden myynnin asiantuntija","publisher":{"@id":"https:\/\/venevo.fi\/en\/#organization"},"potentialAction":[{"@type":"SearchAction","target":{"@type":"EntryPoint","urlTemplate":"https:\/\/venevo.fi\/en\/?s={search_term_string}"},"query-input":{"@type":"PropertyValueSpecification","valueRequired":true,"valueName":"search_term_string"}}],"inLanguage":"en-US"},{"@type":"Organization","@id":"https:\/\/venevo.fi\/en\/#organization","name":"Venevo Tmi","url":"https:\/\/venevo.fi\/en\/","logo":{"@type":"ImageObject","inLanguage":"en-US","@id":"https:\/\/venevo.fi\/en\/#\/schema\/logo\/image\/","url":"https:\/\/venevo.fi\/wp-content\/uploads\/2022\/02\/logo-venevo.jpg","contentUrl":"https:\/\/venevo.fi\/wp-content\/uploads\/2022\/02\/logo-venevo.jpg","width":778,"height":111,"caption":"Venevo Tmi"},"image":{"@id":"https:\/\/venevo.fi\/en\/#\/schema\/logo\/image\/"}}]}},"_links":{"self":[{"href":"https:\/\/venevo.fi\/en\/wp-json\/wp\/v2\/product\/1096","targetHints":{"allow":["GET"]}}],"collection":[{"href":"https:\/\/venevo.fi\/en\/wp-json\/wp\/v2\/product"}],"about":[{"href":"https:\/\/venevo.fi\/en\/wp-json\/wp\/v2\/types\/product"}],"wp:featuredmedia":[{"embeddable":true,"href":"https:\/\/venevo.fi\/en\/wp-json\/wp\/v2\/media\/1097"}],"wp:attachment":[{"href":"https:\/\/venevo.fi\/en\/wp-json\/wp\/v2\/media?parent=1096"}],"wp:term":[{"taxonomy":"product_brand","embeddable":true,"href":"https:\/\/venevo.fi\/en\/wp-json\/wp\/v2\/product_brand?post=1096"},{"taxonomy":"product_cat","embeddable":true,"href":"https:\/\/venevo.fi\/en\/wp-json\/wp\/v2\/product_cat?post=1096"},{"taxonomy":"product_tag","embeddable":true,"href":"https:\/\/venevo.fi\/en\/wp-json\/wp\/v2\/product_tag?post=1096"}],"curies":[{"name":"wp","href":"https:\/\/api.w.org\/{rel}","templated":true}]}}