{"id":1025,"date":"2026-04-29T12:32:10","date_gmt":"2026-04-29T09:32:10","guid":{"rendered":"https:\/\/venevo.fi\/?post_type=product&#038;p=1025"},"modified":"2026-04-29T12:32:10","modified_gmt":"2026-04-29T09:32:10","slug":"elumatec-typ-120","status":"publish","type":"product","link":"https:\/\/venevo.fi\/en\/tuote\/elumatec-typ-120\/","title":{"rendered":"Elumatec TYP 120"},"content":{"rendered":"<p>Vastaohjain pneumaattisesti siirrett\u00e4v\u00e4 ja mekaanisella lukituksella<\/p>\n<p>Tukivarret ja puristuslevyt vakiona<\/p>\n<p>Kaksik\u00e4tinen k\u00e4ytt\u00f6 turvallisuuden takaamiseksi<\/p>\n<p>Vaihtoehdot<\/p>\n<p>Lis\u00e4tuki<\/p>\n<p>Erikoispuristinlevy<\/p>\n<p>Tekniset tiedot<\/p>\n<p>Puristuskorkeus: 68 mm<\/p>\n<p>Puristusvoima: 40 kN (4 t)<\/p>\n<p>K\u00e4ytt\u00f6: Pneumaattinen<\/p>\n<p>Paineilmasy\u00f6tt\u00f6: 7 bar<\/p>\n<p>Ilmankulutus per sykli: 30 l<\/p>\n<p>Mitat (P \u00d7 S \u00d7 K): 650 \u00d7 820 \u00d7 1270 mm<\/p>\n<p>Pgjdbex Rvl Rol Iubcok<br \/>\nPaino: 205 kg<\/p>\n","protected":false},"excerpt":{"rendered":"<p>Kulmapuristin profiilien puristamiseen, joiden korkeus on enint\u00e4\u00e4n 68 mm.<br \/>\nEritt\u00e4in suuri puristusvoima, joka saavutetaan suuren tilavuuden paljek\u00e4ytt\u00f6isell\u00e4 sylinterill\u00e4 (huoltovapaa).<br \/>\nKone on helppo s\u00e4\u00e4t\u00e4\u00e4 ja k\u00e4ytt\u00e4\u00e4.<\/p>\n","protected":false},"featured_media":1026,"template":"","meta":[],"product_brand":[59],"product_cat":[61,40],"product_tag":[],"class_list":{"0":"post-1025","1":"product","2":"type-product","3":"status-publish","4":"has-post-thumbnail","6":"product_brand-elumatec","7":"product_cat-ikkunanvalmistuskoneet","8":"product_cat-metallintyostokoneet-ja-tyostokoneet","10":"first","11":"instock","12":"shipping-taxable","13":"purchasable","14":"product-type-simple"},"yoast_head":"<!-- This site is optimized with the Yoast SEO plugin v27.5 - https:\/\/yoast.com\/product\/yoast-seo-wordpress\/ -->\n<title>Elumatec TYP 120 - Venevo Oy<\/title>\n<meta name=\"robots\" content=\"index, follow, max-snippet:-1, max-image-preview:large, max-video-preview:-1\" \/>\n<link rel=\"canonical\" href=\"https:\/\/venevo.fi\/en\/tuote\/elumatec-typ-120\/\" \/>\n<meta property=\"og:locale\" content=\"en_US\" \/>\n<meta property=\"og:type\" content=\"article\" \/>\n<meta property=\"og:title\" content=\"Elumatec TYP 120 - Venevo Oy\" \/>\n<meta property=\"og:description\" content=\"Kulmapuristin profiilien puristamiseen, joiden korkeus on enint\u00e4\u00e4n 68 mm. Eritt\u00e4in suuri puristusvoima, joka saavutetaan suuren tilavuuden paljek\u00e4ytt\u00f6isell\u00e4 sylinterill\u00e4 (huoltovapaa). Kone on helppo s\u00e4\u00e4t\u00e4\u00e4 ja k\u00e4ytt\u00e4\u00e4.\" \/>\n<meta property=\"og:url\" content=\"https:\/\/venevo.fi\/en\/tuote\/elumatec-typ-120\/\" \/>\n<meta property=\"og:site_name\" content=\"Venevo Oy\" \/>\n<meta property=\"og:image\" content=\"https:\/\/venevo.fi\/wp-content\/uploads\/2026\/04\/20858172-01.jpg\" \/>\n\t<meta property=\"og:image:width\" content=\"360\" \/>\n\t<meta property=\"og:image:height\" content=\"480\" \/>\n\t<meta property=\"og:image:type\" content=\"image\/jpeg\" \/>\n<meta name=\"twitter:card\" content=\"summary_large_image\" \/>\n<meta name=\"twitter:label1\" content=\"Est. reading time\" \/>\n\t<meta name=\"twitter:data1\" content=\"1 minute\" \/>\n<script type=\"application\/ld+json\" class=\"yoast-schema-graph\">{\"@context\":\"https:\\\/\\\/schema.org\",\"@graph\":[{\"@type\":\"WebPage\",\"@id\":\"https:\\\/\\\/venevo.fi\\\/en\\\/tuote\\\/elumatec-typ-120\\\/\",\"url\":\"https:\\\/\\\/venevo.fi\\\/en\\\/tuote\\\/elumatec-typ-120\\\/\",\"name\":\"Elumatec TYP 120 - Venevo Oy\",\"isPartOf\":{\"@id\":\"https:\\\/\\\/venevo.fi\\\/en\\\/#website\"},\"primaryImageOfPage\":{\"@id\":\"https:\\\/\\\/venevo.fi\\\/en\\\/tuote\\\/elumatec-typ-120\\\/#primaryimage\"},\"image\":{\"@id\":\"https:\\\/\\\/venevo.fi\\\/en\\\/tuote\\\/elumatec-typ-120\\\/#primaryimage\"},\"thumbnailUrl\":\"https:\\\/\\\/venevo.fi\\\/wp-content\\\/uploads\\\/2026\\\/04\\\/20858172-01.jpg\",\"datePublished\":\"2026-04-29T09:32:10+00:00\",\"breadcrumb\":{\"@id\":\"https:\\\/\\\/venevo.fi\\\/en\\\/tuote\\\/elumatec-typ-120\\\/#breadcrumb\"},\"inLanguage\":\"en-US\",\"potentialAction\":[{\"@type\":\"ReadAction\",\"target\":[\"https:\\\/\\\/venevo.fi\\\/en\\\/tuote\\\/elumatec-typ-120\\\/\"]}]},{\"@type\":\"ImageObject\",\"inLanguage\":\"en-US\",\"@id\":\"https:\\\/\\\/venevo.fi\\\/en\\\/tuote\\\/elumatec-typ-120\\\/#primaryimage\",\"url\":\"https:\\\/\\\/venevo.fi\\\/wp-content\\\/uploads\\\/2026\\\/04\\\/20858172-01.jpg\",\"contentUrl\":\"https:\\\/\\\/venevo.fi\\\/wp-content\\\/uploads\\\/2026\\\/04\\\/20858172-01.jpg\",\"width\":360,\"height\":480},{\"@type\":\"BreadcrumbList\",\"@id\":\"https:\\\/\\\/venevo.fi\\\/en\\\/tuote\\\/elumatec-typ-120\\\/#breadcrumb\",\"itemListElement\":[{\"@type\":\"ListItem\",\"position\":1,\"name\":\"Etusivu\",\"item\":\"https:\\\/\\\/venevo.fi\\\/en\\\/home\\\/\"},{\"@type\":\"ListItem\",\"position\":2,\"name\":\"Tuotteet\",\"item\":\"https:\\\/\\\/venevo.fi\\\/tuotteet\\\/\"},{\"@type\":\"ListItem\",\"position\":3,\"name\":\"Elumatec TYP 120\"}]},{\"@type\":\"WebSite\",\"@id\":\"https:\\\/\\\/venevo.fi\\\/en\\\/#website\",\"url\":\"https:\\\/\\\/venevo.fi\\\/en\\\/\",\"name\":\"Venevo Tmi\",\"description\":\"Kotimainen koneiden ja laitteiden myynnin asiantuntija\",\"publisher\":{\"@id\":\"https:\\\/\\\/venevo.fi\\\/en\\\/#organization\"},\"potentialAction\":[{\"@type\":\"SearchAction\",\"target\":{\"@type\":\"EntryPoint\",\"urlTemplate\":\"https:\\\/\\\/venevo.fi\\\/en\\\/?s={search_term_string}\"},\"query-input\":{\"@type\":\"PropertyValueSpecification\",\"valueRequired\":true,\"valueName\":\"search_term_string\"}}],\"inLanguage\":\"en-US\"},{\"@type\":\"Organization\",\"@id\":\"https:\\\/\\\/venevo.fi\\\/en\\\/#organization\",\"name\":\"Venevo Tmi\",\"url\":\"https:\\\/\\\/venevo.fi\\\/en\\\/\",\"logo\":{\"@type\":\"ImageObject\",\"inLanguage\":\"en-US\",\"@id\":\"https:\\\/\\\/venevo.fi\\\/en\\\/#\\\/schema\\\/logo\\\/image\\\/\",\"url\":\"https:\\\/\\\/venevo.fi\\\/wp-content\\\/uploads\\\/2022\\\/02\\\/logo-venevo.jpg\",\"contentUrl\":\"https:\\\/\\\/venevo.fi\\\/wp-content\\\/uploads\\\/2022\\\/02\\\/logo-venevo.jpg\",\"width\":778,\"height\":111,\"caption\":\"Venevo Tmi\"},\"image\":{\"@id\":\"https:\\\/\\\/venevo.fi\\\/en\\\/#\\\/schema\\\/logo\\\/image\\\/\"}}]}<\/script>\n<!-- \/ Yoast SEO plugin. -->","yoast_head_json":{"title":"Elumatec TYP 120 - Venevo Oy","robots":{"index":"index","follow":"follow","max-snippet":"max-snippet:-1","max-image-preview":"max-image-preview:large","max-video-preview":"max-video-preview:-1"},"canonical":"https:\/\/venevo.fi\/en\/tuote\/elumatec-typ-120\/","og_locale":"en_US","og_type":"article","og_title":"Elumatec TYP 120 - Venevo Oy","og_description":"Kulmapuristin profiilien puristamiseen, joiden korkeus on enint\u00e4\u00e4n 68 mm. Eritt\u00e4in suuri puristusvoima, joka saavutetaan suuren tilavuuden paljek\u00e4ytt\u00f6isell\u00e4 sylinterill\u00e4 (huoltovapaa). Kone on helppo s\u00e4\u00e4t\u00e4\u00e4 ja k\u00e4ytt\u00e4\u00e4.","og_url":"https:\/\/venevo.fi\/en\/tuote\/elumatec-typ-120\/","og_site_name":"Venevo Oy","og_image":[{"width":360,"height":480,"url":"https:\/\/venevo.fi\/wp-content\/uploads\/2026\/04\/20858172-01.jpg","type":"image\/jpeg"}],"twitter_card":"summary_large_image","twitter_misc":{"Est. reading time":"1 minute"},"schema":{"@context":"https:\/\/schema.org","@graph":[{"@type":"WebPage","@id":"https:\/\/venevo.fi\/en\/tuote\/elumatec-typ-120\/","url":"https:\/\/venevo.fi\/en\/tuote\/elumatec-typ-120\/","name":"Elumatec TYP 120 - Venevo Oy","isPartOf":{"@id":"https:\/\/venevo.fi\/en\/#website"},"primaryImageOfPage":{"@id":"https:\/\/venevo.fi\/en\/tuote\/elumatec-typ-120\/#primaryimage"},"image":{"@id":"https:\/\/venevo.fi\/en\/tuote\/elumatec-typ-120\/#primaryimage"},"thumbnailUrl":"https:\/\/venevo.fi\/wp-content\/uploads\/2026\/04\/20858172-01.jpg","datePublished":"2026-04-29T09:32:10+00:00","breadcrumb":{"@id":"https:\/\/venevo.fi\/en\/tuote\/elumatec-typ-120\/#breadcrumb"},"inLanguage":"en-US","potentialAction":[{"@type":"ReadAction","target":["https:\/\/venevo.fi\/en\/tuote\/elumatec-typ-120\/"]}]},{"@type":"ImageObject","inLanguage":"en-US","@id":"https:\/\/venevo.fi\/en\/tuote\/elumatec-typ-120\/#primaryimage","url":"https:\/\/venevo.fi\/wp-content\/uploads\/2026\/04\/20858172-01.jpg","contentUrl":"https:\/\/venevo.fi\/wp-content\/uploads\/2026\/04\/20858172-01.jpg","width":360,"height":480},{"@type":"BreadcrumbList","@id":"https:\/\/venevo.fi\/en\/tuote\/elumatec-typ-120\/#breadcrumb","itemListElement":[{"@type":"ListItem","position":1,"name":"Etusivu","item":"https:\/\/venevo.fi\/en\/home\/"},{"@type":"ListItem","position":2,"name":"Tuotteet","item":"https:\/\/venevo.fi\/tuotteet\/"},{"@type":"ListItem","position":3,"name":"Elumatec TYP 120"}]},{"@type":"WebSite","@id":"https:\/\/venevo.fi\/en\/#website","url":"https:\/\/venevo.fi\/en\/","name":"Venevo Tmi","description":"Kotimainen koneiden ja laitteiden myynnin asiantuntija","publisher":{"@id":"https:\/\/venevo.fi\/en\/#organization"},"potentialAction":[{"@type":"SearchAction","target":{"@type":"EntryPoint","urlTemplate":"https:\/\/venevo.fi\/en\/?s={search_term_string}"},"query-input":{"@type":"PropertyValueSpecification","valueRequired":true,"valueName":"search_term_string"}}],"inLanguage":"en-US"},{"@type":"Organization","@id":"https:\/\/venevo.fi\/en\/#organization","name":"Venevo Tmi","url":"https:\/\/venevo.fi\/en\/","logo":{"@type":"ImageObject","inLanguage":"en-US","@id":"https:\/\/venevo.fi\/en\/#\/schema\/logo\/image\/","url":"https:\/\/venevo.fi\/wp-content\/uploads\/2022\/02\/logo-venevo.jpg","contentUrl":"https:\/\/venevo.fi\/wp-content\/uploads\/2022\/02\/logo-venevo.jpg","width":778,"height":111,"caption":"Venevo Tmi"},"image":{"@id":"https:\/\/venevo.fi\/en\/#\/schema\/logo\/image\/"}}]}},"_links":{"self":[{"href":"https:\/\/venevo.fi\/en\/wp-json\/wp\/v2\/product\/1025","targetHints":{"allow":["GET"]}}],"collection":[{"href":"https:\/\/venevo.fi\/en\/wp-json\/wp\/v2\/product"}],"about":[{"href":"https:\/\/venevo.fi\/en\/wp-json\/wp\/v2\/types\/product"}],"wp:featuredmedia":[{"embeddable":true,"href":"https:\/\/venevo.fi\/en\/wp-json\/wp\/v2\/media\/1026"}],"wp:attachment":[{"href":"https:\/\/venevo.fi\/en\/wp-json\/wp\/v2\/media?parent=1025"}],"wp:term":[{"taxonomy":"product_brand","embeddable":true,"href":"https:\/\/venevo.fi\/en\/wp-json\/wp\/v2\/product_brand?post=1025"},{"taxonomy":"product_cat","embeddable":true,"href":"https:\/\/venevo.fi\/en\/wp-json\/wp\/v2\/product_cat?post=1025"},{"taxonomy":"product_tag","embeddable":true,"href":"https:\/\/venevo.fi\/en\/wp-json\/wp\/v2\/product_tag?post=1025"}],"curies":[{"name":"wp","href":"https:\/\/api.w.org\/{rel}","templated":true}]}}