{"id":1018,"date":"2026-04-29T12:30:28","date_gmt":"2026-04-29T09:30:28","guid":{"rendered":"https:\/\/venevo.fi\/?post_type=product&#038;p=1018"},"modified":"2026-04-29T12:30:28","modified_gmt":"2026-04-29T09:30:28","slug":"elumatec-milling-machine","status":"publish","type":"product","link":"https:\/\/venevo.fi\/en\/tuote\/elumatec-milling-machine\/","title":{"rendered":"Elumatec Milling machine"},"content":{"rendered":"<p>Kuvaus<\/p>\n<p>P Macchine 03P on kest\u00e4v\u00e4 italialainen teollisuuskone ammattik\u00e4ytt\u00f6\u00f6n. Kone on CE-hyv\u00e4ksytty ja soveltuu jatkuvaan tuotantoon. Vankka rakenne ja yksinkertainen tekniikka takaavat luotettavan toiminnan sek\u00e4 helpon yll\u00e4pidon.<\/p>\n<p>Tekniset tiedot<br \/>\nPgodbex Rvmusl Iubcek<\/p>\n<p>J\u00e4nnite: 220\u2013240 V<br \/>\nVaihe: 1~ (yksivaihe)<br \/>\nTaajuus: 50\u201360 Hz<br \/>\nTeho: 0,75 kW \u00d7 3<br \/>\nVirta: 7 A<br \/>\nKaran kierrosnopeus: 12 000 rpm<br \/>\nK\u00e4ytt\u00f6paine: 6\u20137 bar<br \/>\nIlmankulutus: 2 Nl\/s<br \/>\nPaino: 290 kg<\/p>\n<p>Lis\u00e4tiedot<\/p>\n<p>Testiajo mahdollinen sopimuksen mukaan.<br \/>\nOstaja vastaa lastauksesta, kuljetuksesta, tullauksesta ja kaikista niihin liittyvist\u00e4 kustannuksista.<br \/>\nKaikki tiedot tulee varmistaa myyj\u00e4lt\u00e4 ennen ostoa.<\/p>\n<p>\ud83d\udce9 Ota yhteytt\u00e4 saadaksesi hinnan, lis\u00e4kuvia ja lis\u00e4tietoja.<\/p>\n","protected":false},"excerpt":{"rendered":"<p>P Macchine 03P \u2013 Teollisuuskone (vuosimalli 2002)<\/p>\n<p>Valmistaja: P Macchine s.r.l.<br \/>\nMalli: 03P<br \/>\nValmistusvuosi: 2002<br \/>\nSarjanumero: 03P0100071<br \/>\nSijainti: Suomi<br \/>\nValmistusmaa: Italia<br \/>\nCE-merkitty: Kyll\u00e4<\/p>\n","protected":false},"featured_media":1019,"template":"","meta":[],"product_brand":[59],"product_cat":[61,40],"product_tag":[],"class_list":{"0":"post-1018","1":"product","2":"type-product","3":"status-publish","4":"has-post-thumbnail","6":"product_brand-elumatec","7":"product_cat-ikkunanvalmistuskoneet","8":"product_cat-metallintyostokoneet-ja-tyostokoneet","10":"first","11":"instock","12":"shipping-taxable","13":"purchasable","14":"product-type-simple"},"yoast_head":"<!-- This site is optimized with the Yoast SEO plugin v27.5 - https:\/\/yoast.com\/product\/yoast-seo-wordpress\/ -->\n<title>Elumatec Milling machine - Venevo Oy<\/title>\n<meta name=\"robots\" content=\"index, follow, max-snippet:-1, max-image-preview:large, max-video-preview:-1\" \/>\n<link rel=\"canonical\" href=\"https:\/\/venevo.fi\/en\/tuote\/elumatec-milling-machine\/\" \/>\n<meta property=\"og:locale\" content=\"en_US\" \/>\n<meta property=\"og:type\" content=\"article\" \/>\n<meta property=\"og:title\" content=\"Elumatec Milling machine - Venevo Oy\" \/>\n<meta property=\"og:description\" content=\"P Macchine 03P \u2013 Teollisuuskone (vuosimalli 2002)  Valmistaja: P Macchine s.r.l. Malli: 03P Valmistusvuosi: 2002 Sarjanumero: 03P0100071 Sijainti: Suomi Valmistusmaa: Italia CE-merkitty: Kyll\u00e4\" \/>\n<meta property=\"og:url\" content=\"https:\/\/venevo.fi\/en\/tuote\/elumatec-milling-machine\/\" \/>\n<meta property=\"og:site_name\" content=\"Venevo Oy\" \/>\n<meta property=\"og:image\" content=\"https:\/\/venevo.fi\/wp-content\/uploads\/2026\/04\/20858192-01.jpg\" \/>\n\t<meta property=\"og:image:width\" content=\"360\" \/>\n\t<meta property=\"og:image:height\" content=\"480\" \/>\n\t<meta property=\"og:image:type\" content=\"image\/jpeg\" \/>\n<meta name=\"twitter:card\" content=\"summary_large_image\" \/>\n<meta name=\"twitter:label1\" content=\"Est. reading time\" \/>\n\t<meta name=\"twitter:data1\" content=\"1 minute\" \/>\n<script type=\"application\/ld+json\" class=\"yoast-schema-graph\">{\"@context\":\"https:\\\/\\\/schema.org\",\"@graph\":[{\"@type\":\"WebPage\",\"@id\":\"https:\\\/\\\/venevo.fi\\\/en\\\/tuote\\\/elumatec-milling-machine\\\/\",\"url\":\"https:\\\/\\\/venevo.fi\\\/en\\\/tuote\\\/elumatec-milling-machine\\\/\",\"name\":\"Elumatec Milling machine - Venevo Oy\",\"isPartOf\":{\"@id\":\"https:\\\/\\\/venevo.fi\\\/en\\\/#website\"},\"primaryImageOfPage\":{\"@id\":\"https:\\\/\\\/venevo.fi\\\/en\\\/tuote\\\/elumatec-milling-machine\\\/#primaryimage\"},\"image\":{\"@id\":\"https:\\\/\\\/venevo.fi\\\/en\\\/tuote\\\/elumatec-milling-machine\\\/#primaryimage\"},\"thumbnailUrl\":\"https:\\\/\\\/venevo.fi\\\/wp-content\\\/uploads\\\/2026\\\/04\\\/20858192-01.jpg\",\"datePublished\":\"2026-04-29T09:30:28+00:00\",\"breadcrumb\":{\"@id\":\"https:\\\/\\\/venevo.fi\\\/en\\\/tuote\\\/elumatec-milling-machine\\\/#breadcrumb\"},\"inLanguage\":\"en-US\",\"potentialAction\":[{\"@type\":\"ReadAction\",\"target\":[\"https:\\\/\\\/venevo.fi\\\/en\\\/tuote\\\/elumatec-milling-machine\\\/\"]}]},{\"@type\":\"ImageObject\",\"inLanguage\":\"en-US\",\"@id\":\"https:\\\/\\\/venevo.fi\\\/en\\\/tuote\\\/elumatec-milling-machine\\\/#primaryimage\",\"url\":\"https:\\\/\\\/venevo.fi\\\/wp-content\\\/uploads\\\/2026\\\/04\\\/20858192-01.jpg\",\"contentUrl\":\"https:\\\/\\\/venevo.fi\\\/wp-content\\\/uploads\\\/2026\\\/04\\\/20858192-01.jpg\",\"width\":360,\"height\":480},{\"@type\":\"BreadcrumbList\",\"@id\":\"https:\\\/\\\/venevo.fi\\\/en\\\/tuote\\\/elumatec-milling-machine\\\/#breadcrumb\",\"itemListElement\":[{\"@type\":\"ListItem\",\"position\":1,\"name\":\"Etusivu\",\"item\":\"https:\\\/\\\/venevo.fi\\\/en\\\/home\\\/\"},{\"@type\":\"ListItem\",\"position\":2,\"name\":\"Tuotteet\",\"item\":\"https:\\\/\\\/venevo.fi\\\/tuotteet\\\/\"},{\"@type\":\"ListItem\",\"position\":3,\"name\":\"Elumatec Milling machine\"}]},{\"@type\":\"WebSite\",\"@id\":\"https:\\\/\\\/venevo.fi\\\/en\\\/#website\",\"url\":\"https:\\\/\\\/venevo.fi\\\/en\\\/\",\"name\":\"Venevo Tmi\",\"description\":\"Kotimainen koneiden ja laitteiden myynnin asiantuntija\",\"publisher\":{\"@id\":\"https:\\\/\\\/venevo.fi\\\/en\\\/#organization\"},\"potentialAction\":[{\"@type\":\"SearchAction\",\"target\":{\"@type\":\"EntryPoint\",\"urlTemplate\":\"https:\\\/\\\/venevo.fi\\\/en\\\/?s={search_term_string}\"},\"query-input\":{\"@type\":\"PropertyValueSpecification\",\"valueRequired\":true,\"valueName\":\"search_term_string\"}}],\"inLanguage\":\"en-US\"},{\"@type\":\"Organization\",\"@id\":\"https:\\\/\\\/venevo.fi\\\/en\\\/#organization\",\"name\":\"Venevo Tmi\",\"url\":\"https:\\\/\\\/venevo.fi\\\/en\\\/\",\"logo\":{\"@type\":\"ImageObject\",\"inLanguage\":\"en-US\",\"@id\":\"https:\\\/\\\/venevo.fi\\\/en\\\/#\\\/schema\\\/logo\\\/image\\\/\",\"url\":\"https:\\\/\\\/venevo.fi\\\/wp-content\\\/uploads\\\/2022\\\/02\\\/logo-venevo.jpg\",\"contentUrl\":\"https:\\\/\\\/venevo.fi\\\/wp-content\\\/uploads\\\/2022\\\/02\\\/logo-venevo.jpg\",\"width\":778,\"height\":111,\"caption\":\"Venevo Tmi\"},\"image\":{\"@id\":\"https:\\\/\\\/venevo.fi\\\/en\\\/#\\\/schema\\\/logo\\\/image\\\/\"}}]}<\/script>\n<!-- \/ Yoast SEO plugin. -->","yoast_head_json":{"title":"Elumatec Milling machine - Venevo Oy","robots":{"index":"index","follow":"follow","max-snippet":"max-snippet:-1","max-image-preview":"max-image-preview:large","max-video-preview":"max-video-preview:-1"},"canonical":"https:\/\/venevo.fi\/en\/tuote\/elumatec-milling-machine\/","og_locale":"en_US","og_type":"article","og_title":"Elumatec Milling machine - Venevo Oy","og_description":"P Macchine 03P \u2013 Teollisuuskone (vuosimalli 2002)  Valmistaja: P Macchine s.r.l. Malli: 03P Valmistusvuosi: 2002 Sarjanumero: 03P0100071 Sijainti: Suomi Valmistusmaa: Italia CE-merkitty: Kyll\u00e4","og_url":"https:\/\/venevo.fi\/en\/tuote\/elumatec-milling-machine\/","og_site_name":"Venevo Oy","og_image":[{"width":360,"height":480,"url":"https:\/\/venevo.fi\/wp-content\/uploads\/2026\/04\/20858192-01.jpg","type":"image\/jpeg"}],"twitter_card":"summary_large_image","twitter_misc":{"Est. reading time":"1 minute"},"schema":{"@context":"https:\/\/schema.org","@graph":[{"@type":"WebPage","@id":"https:\/\/venevo.fi\/en\/tuote\/elumatec-milling-machine\/","url":"https:\/\/venevo.fi\/en\/tuote\/elumatec-milling-machine\/","name":"Elumatec Milling machine - Venevo Oy","isPartOf":{"@id":"https:\/\/venevo.fi\/en\/#website"},"primaryImageOfPage":{"@id":"https:\/\/venevo.fi\/en\/tuote\/elumatec-milling-machine\/#primaryimage"},"image":{"@id":"https:\/\/venevo.fi\/en\/tuote\/elumatec-milling-machine\/#primaryimage"},"thumbnailUrl":"https:\/\/venevo.fi\/wp-content\/uploads\/2026\/04\/20858192-01.jpg","datePublished":"2026-04-29T09:30:28+00:00","breadcrumb":{"@id":"https:\/\/venevo.fi\/en\/tuote\/elumatec-milling-machine\/#breadcrumb"},"inLanguage":"en-US","potentialAction":[{"@type":"ReadAction","target":["https:\/\/venevo.fi\/en\/tuote\/elumatec-milling-machine\/"]}]},{"@type":"ImageObject","inLanguage":"en-US","@id":"https:\/\/venevo.fi\/en\/tuote\/elumatec-milling-machine\/#primaryimage","url":"https:\/\/venevo.fi\/wp-content\/uploads\/2026\/04\/20858192-01.jpg","contentUrl":"https:\/\/venevo.fi\/wp-content\/uploads\/2026\/04\/20858192-01.jpg","width":360,"height":480},{"@type":"BreadcrumbList","@id":"https:\/\/venevo.fi\/en\/tuote\/elumatec-milling-machine\/#breadcrumb","itemListElement":[{"@type":"ListItem","position":1,"name":"Etusivu","item":"https:\/\/venevo.fi\/en\/home\/"},{"@type":"ListItem","position":2,"name":"Tuotteet","item":"https:\/\/venevo.fi\/tuotteet\/"},{"@type":"ListItem","position":3,"name":"Elumatec Milling machine"}]},{"@type":"WebSite","@id":"https:\/\/venevo.fi\/en\/#website","url":"https:\/\/venevo.fi\/en\/","name":"Venevo Tmi","description":"Kotimainen koneiden ja laitteiden myynnin asiantuntija","publisher":{"@id":"https:\/\/venevo.fi\/en\/#organization"},"potentialAction":[{"@type":"SearchAction","target":{"@type":"EntryPoint","urlTemplate":"https:\/\/venevo.fi\/en\/?s={search_term_string}"},"query-input":{"@type":"PropertyValueSpecification","valueRequired":true,"valueName":"search_term_string"}}],"inLanguage":"en-US"},{"@type":"Organization","@id":"https:\/\/venevo.fi\/en\/#organization","name":"Venevo Tmi","url":"https:\/\/venevo.fi\/en\/","logo":{"@type":"ImageObject","inLanguage":"en-US","@id":"https:\/\/venevo.fi\/en\/#\/schema\/logo\/image\/","url":"https:\/\/venevo.fi\/wp-content\/uploads\/2022\/02\/logo-venevo.jpg","contentUrl":"https:\/\/venevo.fi\/wp-content\/uploads\/2022\/02\/logo-venevo.jpg","width":778,"height":111,"caption":"Venevo Tmi"},"image":{"@id":"https:\/\/venevo.fi\/en\/#\/schema\/logo\/image\/"}}]}},"_links":{"self":[{"href":"https:\/\/venevo.fi\/en\/wp-json\/wp\/v2\/product\/1018","targetHints":{"allow":["GET"]}}],"collection":[{"href":"https:\/\/venevo.fi\/en\/wp-json\/wp\/v2\/product"}],"about":[{"href":"https:\/\/venevo.fi\/en\/wp-json\/wp\/v2\/types\/product"}],"wp:featuredmedia":[{"embeddable":true,"href":"https:\/\/venevo.fi\/en\/wp-json\/wp\/v2\/media\/1019"}],"wp:attachment":[{"href":"https:\/\/venevo.fi\/en\/wp-json\/wp\/v2\/media?parent=1018"}],"wp:term":[{"taxonomy":"product_brand","embeddable":true,"href":"https:\/\/venevo.fi\/en\/wp-json\/wp\/v2\/product_brand?post=1018"},{"taxonomy":"product_cat","embeddable":true,"href":"https:\/\/venevo.fi\/en\/wp-json\/wp\/v2\/product_cat?post=1018"},{"taxonomy":"product_tag","embeddable":true,"href":"https:\/\/venevo.fi\/en\/wp-json\/wp\/v2\/product_tag?post=1018"}],"curies":[{"name":"wp","href":"https:\/\/api.w.org\/{rel}","templated":true}]}}